{"id":116148,"date":"2025-01-15T10:08:55","date_gmt":"2025-01-15T10:08:55","guid":{"rendered":"https:\/\/perfectluxurybags.ru\/?post_type=product&#038;p=116148"},"modified":"2025-01-17T14:18:10","modified_gmt":"2025-01-17T14:18:10","slug":"chopard-mille-miglia-classic-racing-series-168571-3002","status":"publish","type":"product","link":"https:\/\/theonlyperfectbag.co\/pt\/product\/chopard-mille-miglia-classic-racing-series-168571-3002\/","title":{"rendered":"Chopard Mille Miglia Classic Racing Series 168571-3002"},"content":{"rendered":"<table>\n<tbody>\n<tr>\n<th>Marca:<\/th>\n<td>Chopard<\/td>\n<\/tr>\n<tr>\n<th>G\u00e9nero:<\/th>\n<td>Homens<\/td>\n<\/tr>\n<tr>\n<th>Movimento:<\/th>\n<td>Autom\u00e1tico<\/td>\n<\/tr>\n<tr>\n<th>Cristal:<\/th>\n<td>Safira resistente a riscos<\/td>\n<\/tr>\n<tr>\n<th>Di\u00e2metro da caixa:<\/th>\n<td>44 MM<\/td>\n<\/tr>\n<tr>\n<th>Cor da caixa:<\/th>\n<td>Prata<\/td>\n<\/tr>\n<tr>\n<th>Forma:<\/th>\n<td>Redondo<\/td>\n<\/tr>\n<tr>\n<th>Cor do mostrador:<\/th>\n<td>Prata<\/td>\n<\/tr>\n<tr>\n<th>Tipo de mostrador:<\/th>\n<td>\u00cdndice<\/td>\n<\/tr>\n<tr>\n<th>Cor da banda:<\/th>\n<td>Preto<\/td>\n<\/tr>\n<tr>\n<th>Material da banda:<\/th>\n<td>Correia de borracha<\/td>\n<\/tr>\n<tr>\n<th>Fecho:<\/th>\n<td>Fivela de pino<\/td>\n<\/tr>\n<tr>\n<th>Resist\u00eancia \u00e0 \u00e1gua:<\/th>\n<td>Asian:life waterproof, Swiss: 300 m<\/td>\n<\/tr>\n<tr>\n<th>Disponibilidade:<\/th>\n<td>O artigo est\u00e1 em stock<\/td>\n<\/tr>\n<tr>\n<th>Pol\u00edtica de devolu\u00e7\u00e3o:<\/th>\n<td>Se n\u00e3o estiver satisfeito com o nosso produto, devolva o seu rel\u00f3gio no prazo de 30 dias para obter um reembolso total. Condi\u00e7\u00f5es de devolu\u00e7\u00e3o.<\/p>\n<\/td>\n<\/tr>\n<\/tbody>\n<\/table>","protected":false},"excerpt":{"rendered":"<p>Brand: Chopard Gender: Mens Movement: Automatic Crystal: Scratch Resistant Sapphire Case Diameter: 44 MM Case Color: Silver Shape: Round Dial<\/p>","protected":false},"featured_media":116190,"comment_status":"open","ping_status":"closed","template":"","meta":{"om_disable_all_campaigns":false},"product_cat":[897,69],"product_tag":[],"aioseo_notices":[],"aioseo_head":"\n\t\t<!-- All in One SEO Pro 4.8.5 - aioseo.com -->\n\t<meta name=\"description\" content=\"Brand:ChopardGender:MensMovement:AutomaticCrystal:Scratch Resistant SapphireCase Diameter:44 MMCase Color:SilverShape:RoundDial color:SilverDial Type:IndexBand color:BlackBand Material:Rubber StrapClasp:Pin BuckleWater_resistance:Asian:life waterproof, Swiss: 300 mAvailability:Item is in stockReturn Policy:If you are not satisfied with our product, please return your watch within 30 days for a full refund. Return Terms.\" \/>\n\t<meta name=\"robots\" content=\"max-image-preview:large\" \/>\n\t<meta name=\"google-site-verification\" content=\"vmyk1SY9gJOD3bPogQUeTA2GxTGPVc540tyzkbV7rgM\" \/>\n\t<link rel=\"canonical\" href=\"https:\/\/theonlyperfectbag.co\/pt\/product\/chopard-mille-miglia-classic-racing-series-168571-3002\/\" \/>\n\t<meta name=\"generator\" content=\"All in One SEO Pro (AIOSEO) 4.8.5\" \/>\n\t\t<meta property=\"og:locale\" content=\"pt_PT\" \/>\n\t\t<meta property=\"og:site_name\" content=\"1:1 replica designer bags Online Store -\" \/>\n\t\t<meta property=\"og:type\" content=\"article\" \/>\n\t\t<meta property=\"og:title\" content=\"Chopard Mille Miglia Classic Racing Series 168571-3002 - 1:1 replica designer bags Online Store\" \/>\n\t\t<meta property=\"og:description\" content=\"Brand:ChopardGender:MensMovement:AutomaticCrystal:Scratch Resistant SapphireCase Diameter:44 MMCase Color:SilverShape:RoundDial color:SilverDial Type:IndexBand color:BlackBand Material:Rubber StrapClasp:Pin BuckleWater_resistance:Asian:life waterproof, Swiss: 300 mAvailability:Item is in stockReturn Policy:If you are not satisfied with our product, please return your watch within 30 days for a full refund. Return Terms.\" \/>\n\t\t<meta property=\"og:url\" content=\"https:\/\/theonlyperfectbag.co\/pt\/product\/chopard-mille-miglia-classic-racing-series-168571-3002\/\" \/>\n\t\t<meta property=\"article:published_time\" content=\"2025-01-15T10:08:55+00:00\" \/>\n\t\t<meta property=\"article:modified_time\" content=\"2025-01-17T14:18:10+00:00\" \/>\n\t\t<meta name=\"twitter:card\" content=\"summary_large_image\" \/>\n\t\t<meta name=\"twitter:title\" content=\"Chopard Mille Miglia Classic Racing Series 168571-3002 - 1:1 replica designer bags Online Store\" \/>\n\t\t<meta name=\"twitter:description\" content=\"Brand:ChopardGender:MensMovement:AutomaticCrystal:Scratch Resistant SapphireCase Diameter:44 MMCase Color:SilverShape:RoundDial color:SilverDial Type:IndexBand color:BlackBand Material:Rubber StrapClasp:Pin BuckleWater_resistance:Asian:life waterproof, Swiss: 300 mAvailability:Item is in stockReturn Policy:If you are not satisfied with our product, please return your watch within 30 days for a full refund. Return Terms.\" \/>\n\t\t<script type=\"application\/ld+json\" class=\"aioseo-schema\">\n\t\t\t{\"@context\":\"https:\\\/\\\/schema.org\",\"@graph\":[{\"@type\":\"BreadcrumbList\",\"@id\":\"https:\\\/\\\/theonlyperfectbag.co\\\/pt\\\/product\\\/chopard-mille-miglia-classic-racing-series-168571-3002\\\/#breadcrumblist\",\"itemListElement\":[{\"@type\":\"ListItem\",\"@id\":\"https:\\\/\\\/theonlyperfectbag.co\\\/pt#listItem\",\"position\":1,\"name\":\"Home\",\"item\":\"https:\\\/\\\/theonlyperfectbag.co\\\/pt\",\"nextItem\":{\"@type\":\"ListItem\",\"@id\":\"https:\\\/\\\/theonlyperfectbag.co\\\/pt\\\/shop\\\/#listItem\",\"name\":\"Shop\"}},{\"@type\":\"ListItem\",\"@id\":\"https:\\\/\\\/theonlyperfectbag.co\\\/pt\\\/shop\\\/#listItem\",\"position\":2,\"name\":\"Shop\",\"item\":\"https:\\\/\\\/theonlyperfectbag.co\\\/pt\\\/shop\\\/\",\"nextItem\":{\"@type\":\"ListItem\",\"@id\":\"https:\\\/\\\/theonlyperfectbag.co\\\/pt\\\/product-category\\\/watches\\\/#listItem\",\"name\":\"Watches\"},\"previousItem\":{\"@type\":\"ListItem\",\"@id\":\"https:\\\/\\\/theonlyperfectbag.co\\\/pt#listItem\",\"name\":\"Home\"}},{\"@type\":\"ListItem\",\"@id\":\"https:\\\/\\\/theonlyperfectbag.co\\\/pt\\\/product-category\\\/watches\\\/#listItem\",\"position\":3,\"name\":\"Watches\",\"item\":\"https:\\\/\\\/theonlyperfectbag.co\\\/pt\\\/product-category\\\/watches\\\/\",\"nextItem\":{\"@type\":\"ListItem\",\"@id\":\"https:\\\/\\\/theonlyperfectbag.co\\\/pt\\\/product-category\\\/watches\\\/chopard\\\/#listItem\",\"name\":\"Chopard\"},\"previousItem\":{\"@type\":\"ListItem\",\"@id\":\"https:\\\/\\\/theonlyperfectbag.co\\\/pt\\\/shop\\\/#listItem\",\"name\":\"Shop\"}},{\"@type\":\"ListItem\",\"@id\":\"https:\\\/\\\/theonlyperfectbag.co\\\/pt\\\/product-category\\\/watches\\\/chopard\\\/#listItem\",\"position\":4,\"name\":\"Chopard\",\"item\":\"https:\\\/\\\/theonlyperfectbag.co\\\/pt\\\/product-category\\\/watches\\\/chopard\\\/\",\"nextItem\":{\"@type\":\"ListItem\",\"@id\":\"https:\\\/\\\/theonlyperfectbag.co\\\/pt\\\/product\\\/chopard-mille-miglia-classic-racing-series-168571-3002\\\/#listItem\",\"name\":\"Chopard Mille Miglia Classic Racing Series 168571-3002\"},\"previousItem\":{\"@type\":\"ListItem\",\"@id\":\"https:\\\/\\\/theonlyperfectbag.co\\\/pt\\\/product-category\\\/watches\\\/#listItem\",\"name\":\"Watches\"}},{\"@type\":\"ListItem\",\"@id\":\"https:\\\/\\\/theonlyperfectbag.co\\\/pt\\\/product\\\/chopard-mille-miglia-classic-racing-series-168571-3002\\\/#listItem\",\"position\":5,\"name\":\"Chopard Mille Miglia Classic Racing Series 168571-3002\",\"previousItem\":{\"@type\":\"ListItem\",\"@id\":\"https:\\\/\\\/theonlyperfectbag.co\\\/pt\\\/product-category\\\/watches\\\/chopard\\\/#listItem\",\"name\":\"Chopard\"}}]},{\"@type\":\"Person\",\"@id\":\"https:\\\/\\\/theonlyperfectbag.co\\\/pt\\\/#person\",\"name\":\"admin\",\"image\":{\"@type\":\"ImageObject\",\"@id\":\"https:\\\/\\\/theonlyperfectbag.co\\\/pt\\\/product\\\/chopard-mille-miglia-classic-racing-series-168571-3002\\\/#personImage\",\"url\":\"https:\\\/\\\/secure.gravatar.com\\\/avatar\\\/93cf335968a873604d0caadf3b79e71a?s=96&d=mm&r=g\",\"width\":96,\"height\":96,\"caption\":\"admin\"}},{\"@type\":\"ProductGroup\",\"@id\":\"https:\\\/\\\/theonlyperfectbag.co\\\/pt\\\/product\\\/chopard-mille-miglia-classic-racing-series-168571-3002\\\/#wooCommerceProduct\",\"name\":\"Chopard Mille Miglia Classic Racing Series 168571-3002\",\"url\":\"https:\\\/\\\/theonlyperfectbag.co\\\/pt\\\/product\\\/chopard-mille-miglia-classic-racing-series-168571-3002\\\/\",\"sku\":\"17835806\",\"image\":{\"@type\":\"ImageObject\",\"url\":\"https:\\\/\\\/theonlyperfectbag.co\\\/wp-content\\\/uploads\\\/2025\\\/01\\\/a04fc39c1214f0eeead0bb504dd3b126.jpg\",\"@id\":\"https:\\\/\\\/theonlyperfectbag.co\\\/pt\\\/product\\\/chopard-mille-miglia-classic-racing-series-168571-3002\\\/#productImage\",\"width\":1080,\"height\":1080},\"productGroupID\":116148,\"hasVariant\":[{\"@type\":\"Product\",\"@id\":\"https:\\\/\\\/theonlyperfectbag.co\\\/pt\\\/product\\\/chopard-mille-miglia-classic-racing-series-168571-3002\\\/#wooCommerceProduct\",\"name\":\"Chopard Mille Miglia Classic Racing Series 168571-3002 - aaa\",\"url\":\"https:\\\/\\\/theonlyperfectbag.co\\\/pt\\\/product\\\/chopard-mille-miglia-classic-racing-series-168571-3002\\\/\",\"sku\":\"17835806-17835806-14818118-70388750-0-0-0-0\",\"image\":{\"@type\":\"ImageObject\",\"url\":\"https:\\\/\\\/theonlyperfectbag.co\\\/wp-content\\\/uploads\\\/2025\\\/01\\\/a04fc39c1214f0eeead0bb504dd3b126.jpg\",\"@id\":\"https:\\\/\\\/theonlyperfectbag.co\\\/pt\\\/product\\\/chopard-mille-miglia-classic-racing-series-168571-3002\\\/#productImage\",\"width\":1080,\"height\":1080},\"offers\":{\"@type\":\"Offer\",\"url\":\"https:\\\/\\\/theonlyperfectbag.co\\\/pt\\\/product\\\/chopard-mille-miglia-classic-racing-series-168571-3002\\\/#wooCommerceOffer\",\"price\":299,\"priceCurrency\":\"USD\",\"category\":\"Chopard\",\"availability\":\"https:\\\/\\\/schema.org\\\/InStock\",\"priceSpecification\":{\"@type\":\"PriceSpecification\",\"price\":299,\"priceCurrency\":\"USD\",\"valueAddedTaxIncluded\":\"true\"}}},{\"@type\":\"Product\",\"@id\":\"https:\\\/\\\/theonlyperfectbag.co\\\/pt\\\/product\\\/chopard-mille-miglia-classic-racing-series-168571-3002\\\/#wooCommerceProduct\",\"name\":\"Chopard Mille Miglia Classic Racing Series 168571-3002 - 11-clone\",\"url\":\"https:\\\/\\\/theonlyperfectbag.co\\\/pt\\\/product\\\/chopard-mille-miglia-classic-racing-series-168571-3002\\\/\",\"sku\":\"17835806-17835806-14818118-70388751-0-0-0-0\",\"image\":{\"@type\":\"ImageObject\",\"url\":\"https:\\\/\\\/theonlyperfectbag.co\\\/wp-content\\\/uploads\\\/2025\\\/01\\\/a04fc39c1214f0eeead0bb504dd3b126.jpg\",\"@id\":\"https:\\\/\\\/theonlyperfectbag.co\\\/pt\\\/product\\\/chopard-mille-miglia-classic-racing-series-168571-3002\\\/#productImage\",\"width\":1080,\"height\":1080},\"offers\":{\"@type\":\"Offer\",\"url\":\"https:\\\/\\\/theonlyperfectbag.co\\\/pt\\\/product\\\/chopard-mille-miglia-classic-racing-series-168571-3002\\\/#wooCommerceOffer\",\"price\":1999,\"priceCurrency\":\"USD\",\"category\":\"Chopard\",\"availability\":\"https:\\\/\\\/schema.org\\\/InStock\",\"priceSpecification\":{\"@type\":\"PriceSpecification\",\"price\":1999,\"priceCurrency\":\"USD\",\"valueAddedTaxIncluded\":\"true\"}}}]},{\"@type\":\"WebPage\",\"@id\":\"https:\\\/\\\/theonlyperfectbag.co\\\/pt\\\/product\\\/chopard-mille-miglia-classic-racing-series-168571-3002\\\/#webpage\",\"url\":\"https:\\\/\\\/theonlyperfectbag.co\\\/pt\\\/product\\\/chopard-mille-miglia-classic-racing-series-168571-3002\\\/\",\"name\":\"Chopard Mille Miglia Classic Racing Series 168571-3002 - 1:1 replica designer bags Online Store\",\"description\":\"Brand:ChopardGender:MensMovement:AutomaticCrystal:Scratch Resistant SapphireCase Diameter:44 MMCase Color:SilverShape:RoundDial color:SilverDial Type:IndexBand color:BlackBand Material:Rubber StrapClasp:Pin BuckleWater_resistance:Asian:life waterproof, Swiss: 300 mAvailability:Item is in stockReturn Policy:If you are not satisfied with our product, please return your watch within 30 days for a full refund. Return Terms.\",\"inLanguage\":\"pt-PT\",\"isPartOf\":{\"@id\":\"https:\\\/\\\/theonlyperfectbag.co\\\/pt\\\/#website\"},\"breadcrumb\":{\"@id\":\"https:\\\/\\\/theonlyperfectbag.co\\\/pt\\\/product\\\/chopard-mille-miglia-classic-racing-series-168571-3002\\\/#breadcrumblist\"},\"image\":{\"@type\":\"ImageObject\",\"url\":\"https:\\\/\\\/theonlyperfectbag.co\\\/wp-content\\\/uploads\\\/2025\\\/01\\\/a04fc39c1214f0eeead0bb504dd3b126.jpg\",\"@id\":\"https:\\\/\\\/theonlyperfectbag.co\\\/pt\\\/product\\\/chopard-mille-miglia-classic-racing-series-168571-3002\\\/#mainImage\",\"width\":1080,\"height\":1080},\"primaryImageOfPage\":{\"@id\":\"https:\\\/\\\/theonlyperfectbag.co\\\/pt\\\/product\\\/chopard-mille-miglia-classic-racing-series-168571-3002\\\/#mainImage\"},\"datePublished\":\"2025-01-15T10:08:55+00:00\",\"dateModified\":\"2025-01-17T14:18:10+00:00\"},{\"@type\":\"WebSite\",\"@id\":\"https:\\\/\\\/theonlyperfectbag.co\\\/pt\\\/#website\",\"url\":\"https:\\\/\\\/theonlyperfectbag.co\\\/pt\\\/\",\"name\":\"1:1 replica designer bags Online Store\",\"inLanguage\":\"pt-PT\",\"publisher\":{\"@id\":\"https:\\\/\\\/theonlyperfectbag.co\\\/pt\\\/#person\"}}]}\n\t\t<\/script>\n\t\t<!-- All in One SEO Pro -->\r\n\t\t<title>Chopard Mille Miglia Classic Racing Series 168571-3002 - 1:1 replica designer bags Online Store<\/title>\n\n","aioseo_head_json":{"title":"Chopard Mille Miglia Classic Racing Series 168571-3002 - 1:1 replica designer bags Online Store","description":"Brand:ChopardGender:MensMovement:AutomaticCrystal:Scratch Resistant SapphireCase Diameter:44 MMCase Color:SilverShape:RoundDial color:SilverDial Type:IndexBand color:BlackBand Material:Rubber StrapClasp:Pin BuckleWater_resistance:Asian:life waterproof, Swiss: 300 mAvailability:Item is in stockReturn Policy:If you are not satisfied with our product, please return your watch within 30 days for a full refund. Return Terms.","canonical_url":"https:\/\/theonlyperfectbag.co\/pt\/product\/chopard-mille-miglia-classic-racing-series-168571-3002\/","robots":"max-image-preview:large","keywords":"","webmasterTools":{"google-site-verification":"vmyk1SY9gJOD3bPogQUeTA2GxTGPVc540tyzkbV7rgM","miscellaneous":""},"schema":{"@context":"https:\/\/schema.org","@graph":[{"@type":"BreadcrumbList","@id":"https:\/\/theonlyperfectbag.co\/pt\/product\/chopard-mille-miglia-classic-racing-series-168571-3002\/#breadcrumblist","itemListElement":[{"@type":"ListItem","@id":"https:\/\/theonlyperfectbag.co\/pt#listItem","position":1,"name":"Home","item":"https:\/\/theonlyperfectbag.co\/pt","nextItem":{"@type":"ListItem","@id":"https:\/\/theonlyperfectbag.co\/pt\/shop\/#listItem","name":"Shop"}},{"@type":"ListItem","@id":"https:\/\/theonlyperfectbag.co\/pt\/shop\/#listItem","position":2,"name":"Shop","item":"https:\/\/theonlyperfectbag.co\/pt\/shop\/","nextItem":{"@type":"ListItem","@id":"https:\/\/theonlyperfectbag.co\/pt\/product-category\/watches\/#listItem","name":"Watches"},"previousItem":{"@type":"ListItem","@id":"https:\/\/theonlyperfectbag.co\/pt#listItem","name":"Home"}},{"@type":"ListItem","@id":"https:\/\/theonlyperfectbag.co\/pt\/product-category\/watches\/#listItem","position":3,"name":"Watches","item":"https:\/\/theonlyperfectbag.co\/pt\/product-category\/watches\/","nextItem":{"@type":"ListItem","@id":"https:\/\/theonlyperfectbag.co\/pt\/product-category\/watches\/chopard\/#listItem","name":"Chopard"},"previousItem":{"@type":"ListItem","@id":"https:\/\/theonlyperfectbag.co\/pt\/shop\/#listItem","name":"Shop"}},{"@type":"ListItem","@id":"https:\/\/theonlyperfectbag.co\/pt\/product-category\/watches\/chopard\/#listItem","position":4,"name":"Chopard","item":"https:\/\/theonlyperfectbag.co\/pt\/product-category\/watches\/chopard\/","nextItem":{"@type":"ListItem","@id":"https:\/\/theonlyperfectbag.co\/pt\/product\/chopard-mille-miglia-classic-racing-series-168571-3002\/#listItem","name":"Chopard Mille Miglia Classic Racing Series 168571-3002"},"previousItem":{"@type":"ListItem","@id":"https:\/\/theonlyperfectbag.co\/pt\/product-category\/watches\/#listItem","name":"Watches"}},{"@type":"ListItem","@id":"https:\/\/theonlyperfectbag.co\/pt\/product\/chopard-mille-miglia-classic-racing-series-168571-3002\/#listItem","position":5,"name":"Chopard Mille Miglia Classic Racing Series 168571-3002","previousItem":{"@type":"ListItem","@id":"https:\/\/theonlyperfectbag.co\/pt\/product-category\/watches\/chopard\/#listItem","name":"Chopard"}}]},{"@type":"Person","@id":"https:\/\/theonlyperfectbag.co\/pt\/#person","name":"admin","image":{"@type":"ImageObject","@id":"https:\/\/theonlyperfectbag.co\/pt\/product\/chopard-mille-miglia-classic-racing-series-168571-3002\/#personImage","url":"https:\/\/secure.gravatar.com\/avatar\/93cf335968a873604d0caadf3b79e71a?s=96&d=mm&r=g","width":96,"height":96,"caption":"admin"}},{"@type":"ProductGroup","@id":"https:\/\/theonlyperfectbag.co\/pt\/product\/chopard-mille-miglia-classic-racing-series-168571-3002\/#wooCommerceProduct","name":"Chopard Mille Miglia Classic Racing Series 168571-3002","url":"https:\/\/theonlyperfectbag.co\/pt\/product\/chopard-mille-miglia-classic-racing-series-168571-3002\/","sku":"17835806","image":{"@type":"ImageObject","url":"https:\/\/theonlyperfectbag.co\/wp-content\/uploads\/2025\/01\/a04fc39c1214f0eeead0bb504dd3b126.jpg","@id":"https:\/\/theonlyperfectbag.co\/pt\/product\/chopard-mille-miglia-classic-racing-series-168571-3002\/#productImage","width":1080,"height":1080},"productGroupID":116148,"hasVariant":[{"@type":"Product","@id":"https:\/\/theonlyperfectbag.co\/pt\/product\/chopard-mille-miglia-classic-racing-series-168571-3002\/#wooCommerceProduct","name":"Chopard Mille Miglia Classic Racing Series 168571-3002 - aaa","url":"https:\/\/theonlyperfectbag.co\/pt\/product\/chopard-mille-miglia-classic-racing-series-168571-3002\/","sku":"17835806-17835806-14818118-70388750-0-0-0-0","image":{"@type":"ImageObject","url":"https:\/\/theonlyperfectbag.co\/wp-content\/uploads\/2025\/01\/a04fc39c1214f0eeead0bb504dd3b126.jpg","@id":"https:\/\/theonlyperfectbag.co\/pt\/product\/chopard-mille-miglia-classic-racing-series-168571-3002\/#productImage","width":1080,"height":1080},"offers":{"@type":"Offer","url":"https:\/\/theonlyperfectbag.co\/pt\/product\/chopard-mille-miglia-classic-racing-series-168571-3002\/#wooCommerceOffer","price":299,"priceCurrency":"USD","category":"Chopard","availability":"https:\/\/schema.org\/InStock","priceSpecification":{"@type":"PriceSpecification","price":299,"priceCurrency":"USD","valueAddedTaxIncluded":"true"}}},{"@type":"Product","@id":"https:\/\/theonlyperfectbag.co\/pt\/product\/chopard-mille-miglia-classic-racing-series-168571-3002\/#wooCommerceProduct","name":"Chopard Mille Miglia Classic Racing Series 168571-3002 - 11-clone","url":"https:\/\/theonlyperfectbag.co\/pt\/product\/chopard-mille-miglia-classic-racing-series-168571-3002\/","sku":"17835806-17835806-14818118-70388751-0-0-0-0","image":{"@type":"ImageObject","url":"https:\/\/theonlyperfectbag.co\/wp-content\/uploads\/2025\/01\/a04fc39c1214f0eeead0bb504dd3b126.jpg","@id":"https:\/\/theonlyperfectbag.co\/pt\/product\/chopard-mille-miglia-classic-racing-series-168571-3002\/#productImage","width":1080,"height":1080},"offers":{"@type":"Offer","url":"https:\/\/theonlyperfectbag.co\/pt\/product\/chopard-mille-miglia-classic-racing-series-168571-3002\/#wooCommerceOffer","price":1999,"priceCurrency":"USD","category":"Chopard","availability":"https:\/\/schema.org\/InStock","priceSpecification":{"@type":"PriceSpecification","price":1999,"priceCurrency":"USD","valueAddedTaxIncluded":"true"}}}]},{"@type":"WebPage","@id":"https:\/\/theonlyperfectbag.co\/pt\/product\/chopard-mille-miglia-classic-racing-series-168571-3002\/#webpage","url":"https:\/\/theonlyperfectbag.co\/pt\/product\/chopard-mille-miglia-classic-racing-series-168571-3002\/","name":"Chopard Mille Miglia Classic Racing Series 168571-3002 - 1:1 replica designer bags Online Store","description":"Brand:ChopardGender:MensMovement:AutomaticCrystal:Scratch Resistant SapphireCase Diameter:44 MMCase Color:SilverShape:RoundDial color:SilverDial Type:IndexBand color:BlackBand Material:Rubber StrapClasp:Pin BuckleWater_resistance:Asian:life waterproof, Swiss: 300 mAvailability:Item is in stockReturn Policy:If you are not satisfied with our product, please return your watch within 30 days for a full refund. Return Terms.","inLanguage":"pt-PT","isPartOf":{"@id":"https:\/\/theonlyperfectbag.co\/pt\/#website"},"breadcrumb":{"@id":"https:\/\/theonlyperfectbag.co\/pt\/product\/chopard-mille-miglia-classic-racing-series-168571-3002\/#breadcrumblist"},"image":{"@type":"ImageObject","url":"https:\/\/theonlyperfectbag.co\/wp-content\/uploads\/2025\/01\/a04fc39c1214f0eeead0bb504dd3b126.jpg","@id":"https:\/\/theonlyperfectbag.co\/pt\/product\/chopard-mille-miglia-classic-racing-series-168571-3002\/#mainImage","width":1080,"height":1080},"primaryImageOfPage":{"@id":"https:\/\/theonlyperfectbag.co\/pt\/product\/chopard-mille-miglia-classic-racing-series-168571-3002\/#mainImage"},"datePublished":"2025-01-15T10:08:55+00:00","dateModified":"2025-01-17T14:18:10+00:00"},{"@type":"WebSite","@id":"https:\/\/theonlyperfectbag.co\/pt\/#website","url":"https:\/\/theonlyperfectbag.co\/pt\/","name":"1:1 replica designer bags Online Store","inLanguage":"pt-PT","publisher":{"@id":"https:\/\/theonlyperfectbag.co\/pt\/#person"}}]},"og:locale":"pt_PT","og:site_name":"1:1 replica designer bags Online Store -","og:type":"article","og:title":"Chopard Mille Miglia Classic Racing Series 168571-3002 - 1:1 replica designer bags Online Store","og:description":"Brand:ChopardGender:MensMovement:AutomaticCrystal:Scratch Resistant SapphireCase Diameter:44 MMCase Color:SilverShape:RoundDial color:SilverDial Type:IndexBand color:BlackBand Material:Rubber StrapClasp:Pin BuckleWater_resistance:Asian:life waterproof, Swiss: 300 mAvailability:Item is in stockReturn Policy:If you are not satisfied with our product, please return your watch within 30 days for a full refund. Return Terms.","og:url":"https:\/\/theonlyperfectbag.co\/pt\/product\/chopard-mille-miglia-classic-racing-series-168571-3002\/","article:published_time":"2025-01-15T10:08:55+00:00","article:modified_time":"2025-01-17T14:18:10+00:00","twitter:card":"summary_large_image","twitter:title":"Chopard Mille Miglia Classic Racing Series 168571-3002 - 1:1 replica designer bags Online Store","twitter:description":"Brand:ChopardGender:MensMovement:AutomaticCrystal:Scratch Resistant SapphireCase Diameter:44 MMCase Color:SilverShape:RoundDial color:SilverDial Type:IndexBand color:BlackBand Material:Rubber StrapClasp:Pin BuckleWater_resistance:Asian:life waterproof, Swiss: 300 mAvailability:Item is in stockReturn Policy:If you are not satisfied with our product, please return your watch within 30 days for a full refund. Return Terms."},"aioseo_meta_data":{"post_id":"116148","title":null,"description":null,"keywords":null,"keyphrases":null,"primary_term":null,"canonical_url":null,"og_title":null,"og_description":null,"og_object_type":"default","og_image_type":"default","og_image_url":null,"og_image_width":null,"og_image_height":null,"og_image_custom_url":null,"og_image_custom_fields":null,"og_video":null,"og_custom_url":null,"og_article_section":null,"og_article_tags":null,"twitter_use_og":false,"twitter_card":"default","twitter_image_type":"default","twitter_image_url":null,"twitter_image_custom_url":null,"twitter_image_custom_fields":null,"twitter_title":null,"twitter_description":null,"schema":{"blockGraphs":[],"customGraphs":[],"default":{"data":{"Article":[],"Course":[],"Dataset":[],"FAQPage":[],"Movie":[],"Person":[],"Product":[],"ProductReview":[],"Car":[],"Recipe":[],"Service":[],"SoftwareApplication":[],"WebPage":[]},"graphName":"","isEnabled":true},"graphs":[]},"schema_type":"default","schema_type_options":null,"pillar_content":false,"robots_default":true,"robots_noindex":false,"robots_noarchive":false,"robots_nosnippet":false,"robots_nofollow":false,"robots_noimageindex":false,"robots_noodp":false,"robots_notranslate":false,"robots_max_snippet":null,"robots_max_videopreview":null,"robots_max_imagepreview":"large","priority":null,"frequency":null,"local_seo":null,"breadcrumb_settings":null,"limit_modified_date":false,"open_ai":null,"ai":null,"created":"2025-01-16 07:11:07","updated":"2025-10-05 01:06:21"},"aioseo_breadcrumb":"<div class=\"aioseo-breadcrumbs\"><span class=\"aioseo-breadcrumb\">\n\t<a href=\"https:\/\/theonlyperfectbag.co\/pt\" title=\"Home\">Home<\/a>\n<\/span><span class=\"aioseo-breadcrumb-separator\">\u00bb<\/span><span class=\"aioseo-breadcrumb\">\n\t<a href=\"https:\/\/theonlyperfectbag.co\/pt\/shop\/\" title=\"Shop\">Shop<\/a>\n<\/span><span class=\"aioseo-breadcrumb-separator\">\u00bb<\/span><span class=\"aioseo-breadcrumb\">\n\t<a href=\"https:\/\/theonlyperfectbag.co\/pt\/product-category\/watches\/\" title=\"Watches\">Watches<\/a>\n<\/span><span class=\"aioseo-breadcrumb-separator\">\u00bb<\/span><span class=\"aioseo-breadcrumb\">\n\t<a href=\"https:\/\/theonlyperfectbag.co\/pt\/product-category\/watches\/chopard\/\" title=\"Chopard\">Chopard<\/a>\n<\/span><span class=\"aioseo-breadcrumb-separator\">\u00bb<\/span><span class=\"aioseo-breadcrumb\">\n\tChopard Mille Miglia Classic Racing Series 168571-3002\n<\/span><\/div>","aioseo_breadcrumb_json":[{"label":"Home","link":"https:\/\/theonlyperfectbag.co\/pt"},{"label":"Shop","link":"https:\/\/theonlyperfectbag.co\/pt\/shop\/"},{"label":"Watches","link":"https:\/\/theonlyperfectbag.co\/pt\/product-category\/watches\/"},{"label":"Chopard","link":"https:\/\/theonlyperfectbag.co\/pt\/product-category\/watches\/chopard\/"},{"label":"Chopard Mille Miglia Classic Racing Series 168571-3002","link":"https:\/\/theonlyperfectbag.co\/pt\/product\/chopard-mille-miglia-classic-racing-series-168571-3002\/"}],"_links":{"self":[{"href":"https:\/\/theonlyperfectbag.co\/pt\/wp-json\/wp\/v2\/product\/116148"}],"collection":[{"href":"https:\/\/theonlyperfectbag.co\/pt\/wp-json\/wp\/v2\/product"}],"about":[{"href":"https:\/\/theonlyperfectbag.co\/pt\/wp-json\/wp\/v2\/types\/product"}],"replies":[{"embeddable":true,"href":"https:\/\/theonlyperfectbag.co\/pt\/wp-json\/wp\/v2\/comments?post=116148"}],"version-history":[{"count":1,"href":"https:\/\/theonlyperfectbag.co\/pt\/wp-json\/wp\/v2\/product\/116148\/revisions"}],"predecessor-version":[{"id":116191,"href":"https:\/\/theonlyperfectbag.co\/pt\/wp-json\/wp\/v2\/product\/116148\/revisions\/116191"}],"wp:featuredmedia":[{"embeddable":true,"href":"https:\/\/theonlyperfectbag.co\/pt\/wp-json\/wp\/v2\/media\/116190"}],"wp:attachment":[{"href":"https:\/\/theonlyperfectbag.co\/pt\/wp-json\/wp\/v2\/media?parent=116148"}],"wp:term":[{"taxonomy":"product_cat","embeddable":true,"href":"https:\/\/theonlyperfectbag.co\/pt\/wp-json\/wp\/v2\/product_cat?post=116148"},{"taxonomy":"product_tag","embeddable":true,"href":"https:\/\/theonlyperfectbag.co\/pt\/wp-json\/wp\/v2\/product_tag?post=116148"}],"curies":[{"name":"wp","href":"https:\/\/api.w.org\/{rel}","templated":true}]}}