{"id":116080,"date":"2025-01-15T10:06:59","date_gmt":"2025-01-15T10:06:59","guid":{"rendered":"https:\/\/perfectluxurybags.ru\/?post_type=product&#038;p=116080"},"modified":"2025-01-17T14:19:08","modified_gmt":"2025-01-17T14:19:08","slug":"bell-ross-br-03-94-chronograph-grey-dial","status":"publish","type":"product","link":"https:\/\/theonlyperfectbag.co\/es\/product\/bell-ross-br-03-94-chronograph-grey-dial\/","title":{"rendered":"Bell Ross BR 03-94 Chronograph Grey Dial"},"content":{"rendered":"<table>\n<tbody>\n<tr>\n<th>Marca:<\/th>\n<td>Bell Ross<\/td>\n<\/tr>\n<tr>\n<th>G\u00e9nero:<\/th>\n<td>Mens<\/td>\n<\/tr>\n<tr>\n<th>Movimiento:<\/th>\n<td>Autom\u00e1tico<\/td>\n<\/tr>\n<tr>\n<th>Cristal:<\/th>\n<td>Zafiro resistente a los ara\u00f1azos<\/td>\n<\/tr>\n<tr>\n<th>Di\u00e1metro de la caja:<\/th>\n<td>42 MM<\/td>\n<\/tr>\n<tr>\n<th>Color de la caja:<\/th>\n<td>Negro<\/td>\n<\/tr>\n<tr>\n<th>Forma:<\/th>\n<td>Cuadrado<\/td>\n<\/tr>\n<tr>\n<th>Color de la esfera:<\/th>\n<td>Grey<\/td>\n<\/tr>\n<tr>\n<th>Tipo de esfera:<\/th>\n<td>\u00cdndices, luminosos<\/td>\n<\/tr>\n<tr>\n<th>Color de la banda:<\/th>\n<td>Grey<\/td>\n<\/tr>\n<tr>\n<th>Material de la banda:<\/th>\n<td>Correa de caucho<\/td>\n<\/tr>\n<tr>\n<th>Cierre:<\/th>\n<td>Hebilla<\/td>\n<\/tr>\n<tr>\n<th>Resistencia_al_agua:<\/th>\n<td>Asian:life waterproof, Swiss: 300 m<\/td>\n<\/tr>\n<tr>\n<th>Disponibilidad:<\/th>\n<td>Art\u00edculo disponible<\/td>\n<\/tr>\n<tr>\n<th>Pol\u00edtica de devoluciones:<\/th>\n<td>Si no est\u00e1 satisfecho con nuestro producto, devuelva el reloj en un plazo de 30 d\u00edas para obtener un reembolso completo. Condiciones de devoluci\u00f3n.<\/p>\n<\/td>\n<\/tr>\n<\/tbody>\n<\/table>","protected":false},"excerpt":{"rendered":"<p>Brand: Bell Ross Gender: Mens Movement: Automatic Crystal: Scratch Resistant Sapphire Case Diameter: 42 MM Case Color: Black Shape: Square<\/p>","protected":false},"featured_media":116126,"comment_status":"open","ping_status":"closed","template":"","meta":{"om_disable_all_campaigns":false},"product_cat":[896,69],"product_tag":[],"aioseo_notices":[],"aioseo_head":"\n\t\t<!-- All in One SEO Pro 4.8.5 - aioseo.com -->\n\t<meta name=\"description\" content=\"Brand:Bell RossGender:MensMovement:AutomaticCrystal:Scratch Resistant SapphireCase Diameter:42 MMCase Color:BlackShape:SquareDial color:GreyDial Type:Indexes, LuminousBand color:GreyBand Material:Rubber StrapClasp:Pin BuckleWater_resistance:Asian:life waterproof, Swiss: 300 mAvailability:Item is in stockReturn Policy:If you are not satisfied with our product, please return your watch within 30 days for a full refund. Return Terms.\" \/>\n\t<meta name=\"robots\" content=\"max-image-preview:large\" \/>\n\t<meta name=\"google-site-verification\" content=\"vmyk1SY9gJOD3bPogQUeTA2GxTGPVc540tyzkbV7rgM\" \/>\n\t<link rel=\"canonical\" href=\"https:\/\/theonlyperfectbag.co\/es\/product\/bell-ross-br-03-94-chronograph-grey-dial\/\" \/>\n\t<meta name=\"generator\" content=\"All in One SEO Pro (AIOSEO) 4.8.5\" \/>\n\t\t<meta property=\"og:locale\" content=\"es_ES\" \/>\n\t\t<meta property=\"og:site_name\" content=\"1:1 replica designer bags Online Store -\" \/>\n\t\t<meta property=\"og:type\" content=\"article\" \/>\n\t\t<meta property=\"og:title\" content=\"Bell Ross BR 03-94 Chronograph Grey Dial - 1:1 replica designer bags Online Store\" \/>\n\t\t<meta property=\"og:description\" content=\"Brand:Bell RossGender:MensMovement:AutomaticCrystal:Scratch Resistant SapphireCase Diameter:42 MMCase Color:BlackShape:SquareDial color:GreyDial Type:Indexes, LuminousBand color:GreyBand Material:Rubber StrapClasp:Pin BuckleWater_resistance:Asian:life waterproof, Swiss: 300 mAvailability:Item is in stockReturn Policy:If you are not satisfied with our product, please return your watch within 30 days for a full refund. Return Terms.\" \/>\n\t\t<meta property=\"og:url\" content=\"https:\/\/theonlyperfectbag.co\/es\/product\/bell-ross-br-03-94-chronograph-grey-dial\/\" \/>\n\t\t<meta property=\"article:published_time\" content=\"2025-01-15T10:06:59+00:00\" \/>\n\t\t<meta property=\"article:modified_time\" content=\"2025-01-17T14:19:08+00:00\" \/>\n\t\t<meta name=\"twitter:card\" content=\"summary_large_image\" \/>\n\t\t<meta name=\"twitter:title\" content=\"Bell Ross BR 03-94 Chronograph Grey Dial - 1:1 replica designer bags Online Store\" \/>\n\t\t<meta name=\"twitter:description\" content=\"Brand:Bell RossGender:MensMovement:AutomaticCrystal:Scratch Resistant SapphireCase Diameter:42 MMCase Color:BlackShape:SquareDial color:GreyDial Type:Indexes, LuminousBand color:GreyBand Material:Rubber StrapClasp:Pin BuckleWater_resistance:Asian:life waterproof, Swiss: 300 mAvailability:Item is in stockReturn Policy:If you are not satisfied with our product, please return your watch within 30 days for a full refund. Return Terms.\" \/>\n\t\t<script type=\"application\/ld+json\" class=\"aioseo-schema\">\n\t\t\t{\"@context\":\"https:\\\/\\\/schema.org\",\"@graph\":[{\"@type\":\"BreadcrumbList\",\"@id\":\"https:\\\/\\\/theonlyperfectbag.co\\\/es\\\/product\\\/bell-ross-br-03-94-chronograph-grey-dial\\\/#breadcrumblist\",\"itemListElement\":[{\"@type\":\"ListItem\",\"@id\":\"https:\\\/\\\/theonlyperfectbag.co\\\/es#listItem\",\"position\":1,\"name\":\"Home\",\"item\":\"https:\\\/\\\/theonlyperfectbag.co\\\/es\",\"nextItem\":{\"@type\":\"ListItem\",\"@id\":\"https:\\\/\\\/theonlyperfectbag.co\\\/es\\\/shop\\\/#listItem\",\"name\":\"Shop\"}},{\"@type\":\"ListItem\",\"@id\":\"https:\\\/\\\/theonlyperfectbag.co\\\/es\\\/shop\\\/#listItem\",\"position\":2,\"name\":\"Shop\",\"item\":\"https:\\\/\\\/theonlyperfectbag.co\\\/es\\\/shop\\\/\",\"nextItem\":{\"@type\":\"ListItem\",\"@id\":\"https:\\\/\\\/theonlyperfectbag.co\\\/es\\\/product-category\\\/watches\\\/#listItem\",\"name\":\"Watches\"},\"previousItem\":{\"@type\":\"ListItem\",\"@id\":\"https:\\\/\\\/theonlyperfectbag.co\\\/es#listItem\",\"name\":\"Home\"}},{\"@type\":\"ListItem\",\"@id\":\"https:\\\/\\\/theonlyperfectbag.co\\\/es\\\/product-category\\\/watches\\\/#listItem\",\"position\":3,\"name\":\"Watches\",\"item\":\"https:\\\/\\\/theonlyperfectbag.co\\\/es\\\/product-category\\\/watches\\\/\",\"nextItem\":{\"@type\":\"ListItem\",\"@id\":\"https:\\\/\\\/theonlyperfectbag.co\\\/es\\\/product-category\\\/watches\\\/bell-ross\\\/#listItem\",\"name\":\"Bell Ross\"},\"previousItem\":{\"@type\":\"ListItem\",\"@id\":\"https:\\\/\\\/theonlyperfectbag.co\\\/es\\\/shop\\\/#listItem\",\"name\":\"Shop\"}},{\"@type\":\"ListItem\",\"@id\":\"https:\\\/\\\/theonlyperfectbag.co\\\/es\\\/product-category\\\/watches\\\/bell-ross\\\/#listItem\",\"position\":4,\"name\":\"Bell Ross\",\"item\":\"https:\\\/\\\/theonlyperfectbag.co\\\/es\\\/product-category\\\/watches\\\/bell-ross\\\/\",\"nextItem\":{\"@type\":\"ListItem\",\"@id\":\"https:\\\/\\\/theonlyperfectbag.co\\\/es\\\/product\\\/bell-ross-br-03-94-chronograph-grey-dial\\\/#listItem\",\"name\":\"Bell Ross BR 03-94 Chronograph Grey Dial\"},\"previousItem\":{\"@type\":\"ListItem\",\"@id\":\"https:\\\/\\\/theonlyperfectbag.co\\\/es\\\/product-category\\\/watches\\\/#listItem\",\"name\":\"Watches\"}},{\"@type\":\"ListItem\",\"@id\":\"https:\\\/\\\/theonlyperfectbag.co\\\/es\\\/product\\\/bell-ross-br-03-94-chronograph-grey-dial\\\/#listItem\",\"position\":5,\"name\":\"Bell Ross BR 03-94 Chronograph Grey Dial\",\"previousItem\":{\"@type\":\"ListItem\",\"@id\":\"https:\\\/\\\/theonlyperfectbag.co\\\/es\\\/product-category\\\/watches\\\/bell-ross\\\/#listItem\",\"name\":\"Bell Ross\"}}]},{\"@type\":\"Person\",\"@id\":\"https:\\\/\\\/theonlyperfectbag.co\\\/es\\\/#person\",\"name\":\"admin\",\"image\":{\"@type\":\"ImageObject\",\"@id\":\"https:\\\/\\\/theonlyperfectbag.co\\\/es\\\/product\\\/bell-ross-br-03-94-chronograph-grey-dial\\\/#personImage\",\"url\":\"https:\\\/\\\/secure.gravatar.com\\\/avatar\\\/93cf335968a873604d0caadf3b79e71a?s=96&d=mm&r=g\",\"width\":96,\"height\":96,\"caption\":\"admin\"}},{\"@type\":\"ProductGroup\",\"@id\":\"https:\\\/\\\/theonlyperfectbag.co\\\/es\\\/product\\\/bell-ross-br-03-94-chronograph-grey-dial\\\/#wooCommerceProduct\",\"name\":\"Bell Ross BR 03-94 Chronograph Grey Dial\",\"url\":\"https:\\\/\\\/theonlyperfectbag.co\\\/es\\\/product\\\/bell-ross-br-03-94-chronograph-grey-dial\\\/\",\"sku\":\"17821520\",\"image\":{\"@type\":\"ImageObject\",\"url\":\"https:\\\/\\\/theonlyperfectbag.co\\\/wp-content\\\/uploads\\\/2025\\\/01\\\/737c13eeefa0621c2ee80d7fa4984824.jpg\",\"@id\":\"https:\\\/\\\/theonlyperfectbag.co\\\/es\\\/product\\\/bell-ross-br-03-94-chronograph-grey-dial\\\/#productImage\",\"width\":1080,\"height\":1080},\"productGroupID\":116080,\"hasVariant\":[{\"@type\":\"Product\",\"@id\":\"https:\\\/\\\/theonlyperfectbag.co\\\/es\\\/product\\\/bell-ross-br-03-94-chronograph-grey-dial\\\/#wooCommerceProduct\",\"name\":\"Bell Ross BR 03-94 Chronograph Grey Dial - 11-clone\",\"url\":\"https:\\\/\\\/theonlyperfectbag.co\\\/es\\\/product\\\/bell-ross-br-03-94-chronograph-grey-dial\\\/\",\"sku\":\"17821520-17821520-17110430-80897699-0-0-0-0\",\"image\":{\"@type\":\"ImageObject\",\"url\":\"https:\\\/\\\/theonlyperfectbag.co\\\/wp-content\\\/uploads\\\/2025\\\/01\\\/737c13eeefa0621c2ee80d7fa4984824.jpg\",\"@id\":\"https:\\\/\\\/theonlyperfectbag.co\\\/es\\\/product\\\/bell-ross-br-03-94-chronograph-grey-dial\\\/#productImage\",\"width\":1080,\"height\":1080},\"offers\":{\"@type\":\"Offer\",\"url\":\"https:\\\/\\\/theonlyperfectbag.co\\\/es\\\/product\\\/bell-ross-br-03-94-chronograph-grey-dial\\\/#wooCommerceOffer\",\"price\":1599,\"priceCurrency\":\"USD\",\"category\":\"Bell Ross\",\"availability\":\"https:\\\/\\\/schema.org\\\/InStock\",\"priceSpecification\":{\"@type\":\"PriceSpecification\",\"price\":1599,\"priceCurrency\":\"USD\",\"valueAddedTaxIncluded\":\"true\"}}}]},{\"@type\":\"WebPage\",\"@id\":\"https:\\\/\\\/theonlyperfectbag.co\\\/es\\\/product\\\/bell-ross-br-03-94-chronograph-grey-dial\\\/#webpage\",\"url\":\"https:\\\/\\\/theonlyperfectbag.co\\\/es\\\/product\\\/bell-ross-br-03-94-chronograph-grey-dial\\\/\",\"name\":\"Bell Ross BR 03-94 Chronograph Grey Dial - 1:1 replica designer bags Online Store\",\"description\":\"Brand:Bell RossGender:MensMovement:AutomaticCrystal:Scratch Resistant SapphireCase Diameter:42 MMCase Color:BlackShape:SquareDial color:GreyDial Type:Indexes, LuminousBand color:GreyBand Material:Rubber StrapClasp:Pin BuckleWater_resistance:Asian:life waterproof, Swiss: 300 mAvailability:Item is in stockReturn Policy:If you are not satisfied with our product, please return your watch within 30 days for a full refund. Return Terms.\",\"inLanguage\":\"es-ES\",\"isPartOf\":{\"@id\":\"https:\\\/\\\/theonlyperfectbag.co\\\/es\\\/#website\"},\"breadcrumb\":{\"@id\":\"https:\\\/\\\/theonlyperfectbag.co\\\/es\\\/product\\\/bell-ross-br-03-94-chronograph-grey-dial\\\/#breadcrumblist\"},\"image\":{\"@type\":\"ImageObject\",\"url\":\"https:\\\/\\\/theonlyperfectbag.co\\\/wp-content\\\/uploads\\\/2025\\\/01\\\/737c13eeefa0621c2ee80d7fa4984824.jpg\",\"@id\":\"https:\\\/\\\/theonlyperfectbag.co\\\/es\\\/product\\\/bell-ross-br-03-94-chronograph-grey-dial\\\/#mainImage\",\"width\":1080,\"height\":1080},\"primaryImageOfPage\":{\"@id\":\"https:\\\/\\\/theonlyperfectbag.co\\\/es\\\/product\\\/bell-ross-br-03-94-chronograph-grey-dial\\\/#mainImage\"},\"datePublished\":\"2025-01-15T10:06:59+00:00\",\"dateModified\":\"2025-01-17T14:19:08+00:00\"},{\"@type\":\"WebSite\",\"@id\":\"https:\\\/\\\/theonlyperfectbag.co\\\/es\\\/#website\",\"url\":\"https:\\\/\\\/theonlyperfectbag.co\\\/es\\\/\",\"name\":\"1:1 replica designer bags Online Store\",\"inLanguage\":\"es-ES\",\"publisher\":{\"@id\":\"https:\\\/\\\/theonlyperfectbag.co\\\/es\\\/#person\"}}]}\n\t\t<\/script>\n\t\t<!-- All in One SEO Pro -->\r\n\t\t<title>Bell Ross BR 03-94 Chronograph Grey Dial - 1:1 replica designer bags Online Store<\/title>\n\n","aioseo_head_json":{"title":"Bell Ross BR 03-94 Chronograph Grey Dial - 1:1 replica designer bags Online Store","description":"Brand:Bell RossGender:MensMovement:AutomaticCrystal:Scratch Resistant SapphireCase Diameter:42 MMCase Color:BlackShape:SquareDial color:GreyDial Type:Indexes, LuminousBand color:GreyBand Material:Rubber StrapClasp:Pin BuckleWater_resistance:Asian:life waterproof, Swiss: 300 mAvailability:Item is in stockReturn Policy:If you are not satisfied with our product, please return your watch within 30 days for a full refund. Return Terms.","canonical_url":"https:\/\/theonlyperfectbag.co\/es\/product\/bell-ross-br-03-94-chronograph-grey-dial\/","robots":"max-image-preview:large","keywords":"","webmasterTools":{"google-site-verification":"vmyk1SY9gJOD3bPogQUeTA2GxTGPVc540tyzkbV7rgM","miscellaneous":""},"schema":{"@context":"https:\/\/schema.org","@graph":[{"@type":"BreadcrumbList","@id":"https:\/\/theonlyperfectbag.co\/es\/product\/bell-ross-br-03-94-chronograph-grey-dial\/#breadcrumblist","itemListElement":[{"@type":"ListItem","@id":"https:\/\/theonlyperfectbag.co\/es#listItem","position":1,"name":"Home","item":"https:\/\/theonlyperfectbag.co\/es","nextItem":{"@type":"ListItem","@id":"https:\/\/theonlyperfectbag.co\/es\/shop\/#listItem","name":"Shop"}},{"@type":"ListItem","@id":"https:\/\/theonlyperfectbag.co\/es\/shop\/#listItem","position":2,"name":"Shop","item":"https:\/\/theonlyperfectbag.co\/es\/shop\/","nextItem":{"@type":"ListItem","@id":"https:\/\/theonlyperfectbag.co\/es\/product-category\/watches\/#listItem","name":"Watches"},"previousItem":{"@type":"ListItem","@id":"https:\/\/theonlyperfectbag.co\/es#listItem","name":"Home"}},{"@type":"ListItem","@id":"https:\/\/theonlyperfectbag.co\/es\/product-category\/watches\/#listItem","position":3,"name":"Watches","item":"https:\/\/theonlyperfectbag.co\/es\/product-category\/watches\/","nextItem":{"@type":"ListItem","@id":"https:\/\/theonlyperfectbag.co\/es\/product-category\/watches\/bell-ross\/#listItem","name":"Bell Ross"},"previousItem":{"@type":"ListItem","@id":"https:\/\/theonlyperfectbag.co\/es\/shop\/#listItem","name":"Shop"}},{"@type":"ListItem","@id":"https:\/\/theonlyperfectbag.co\/es\/product-category\/watches\/bell-ross\/#listItem","position":4,"name":"Bell Ross","item":"https:\/\/theonlyperfectbag.co\/es\/product-category\/watches\/bell-ross\/","nextItem":{"@type":"ListItem","@id":"https:\/\/theonlyperfectbag.co\/es\/product\/bell-ross-br-03-94-chronograph-grey-dial\/#listItem","name":"Bell Ross BR 03-94 Chronograph Grey Dial"},"previousItem":{"@type":"ListItem","@id":"https:\/\/theonlyperfectbag.co\/es\/product-category\/watches\/#listItem","name":"Watches"}},{"@type":"ListItem","@id":"https:\/\/theonlyperfectbag.co\/es\/product\/bell-ross-br-03-94-chronograph-grey-dial\/#listItem","position":5,"name":"Bell Ross BR 03-94 Chronograph Grey Dial","previousItem":{"@type":"ListItem","@id":"https:\/\/theonlyperfectbag.co\/es\/product-category\/watches\/bell-ross\/#listItem","name":"Bell Ross"}}]},{"@type":"Person","@id":"https:\/\/theonlyperfectbag.co\/es\/#person","name":"admin","image":{"@type":"ImageObject","@id":"https:\/\/theonlyperfectbag.co\/es\/product\/bell-ross-br-03-94-chronograph-grey-dial\/#personImage","url":"https:\/\/secure.gravatar.com\/avatar\/93cf335968a873604d0caadf3b79e71a?s=96&d=mm&r=g","width":96,"height":96,"caption":"admin"}},{"@type":"ProductGroup","@id":"https:\/\/theonlyperfectbag.co\/es\/product\/bell-ross-br-03-94-chronograph-grey-dial\/#wooCommerceProduct","name":"Bell Ross BR 03-94 Chronograph Grey Dial","url":"https:\/\/theonlyperfectbag.co\/es\/product\/bell-ross-br-03-94-chronograph-grey-dial\/","sku":"17821520","image":{"@type":"ImageObject","url":"https:\/\/theonlyperfectbag.co\/wp-content\/uploads\/2025\/01\/737c13eeefa0621c2ee80d7fa4984824.jpg","@id":"https:\/\/theonlyperfectbag.co\/es\/product\/bell-ross-br-03-94-chronograph-grey-dial\/#productImage","width":1080,"height":1080},"productGroupID":116080,"hasVariant":[{"@type":"Product","@id":"https:\/\/theonlyperfectbag.co\/es\/product\/bell-ross-br-03-94-chronograph-grey-dial\/#wooCommerceProduct","name":"Bell Ross BR 03-94 Chronograph Grey Dial - 11-clone","url":"https:\/\/theonlyperfectbag.co\/es\/product\/bell-ross-br-03-94-chronograph-grey-dial\/","sku":"17821520-17821520-17110430-80897699-0-0-0-0","image":{"@type":"ImageObject","url":"https:\/\/theonlyperfectbag.co\/wp-content\/uploads\/2025\/01\/737c13eeefa0621c2ee80d7fa4984824.jpg","@id":"https:\/\/theonlyperfectbag.co\/es\/product\/bell-ross-br-03-94-chronograph-grey-dial\/#productImage","width":1080,"height":1080},"offers":{"@type":"Offer","url":"https:\/\/theonlyperfectbag.co\/es\/product\/bell-ross-br-03-94-chronograph-grey-dial\/#wooCommerceOffer","price":1599,"priceCurrency":"USD","category":"Bell Ross","availability":"https:\/\/schema.org\/InStock","priceSpecification":{"@type":"PriceSpecification","price":1599,"priceCurrency":"USD","valueAddedTaxIncluded":"true"}}}]},{"@type":"WebPage","@id":"https:\/\/theonlyperfectbag.co\/es\/product\/bell-ross-br-03-94-chronograph-grey-dial\/#webpage","url":"https:\/\/theonlyperfectbag.co\/es\/product\/bell-ross-br-03-94-chronograph-grey-dial\/","name":"Bell Ross BR 03-94 Chronograph Grey Dial - 1:1 replica designer bags Online Store","description":"Brand:Bell RossGender:MensMovement:AutomaticCrystal:Scratch Resistant SapphireCase Diameter:42 MMCase Color:BlackShape:SquareDial color:GreyDial Type:Indexes, LuminousBand color:GreyBand Material:Rubber StrapClasp:Pin BuckleWater_resistance:Asian:life waterproof, Swiss: 300 mAvailability:Item is in stockReturn Policy:If you are not satisfied with our product, please return your watch within 30 days for a full refund. Return Terms.","inLanguage":"es-ES","isPartOf":{"@id":"https:\/\/theonlyperfectbag.co\/es\/#website"},"breadcrumb":{"@id":"https:\/\/theonlyperfectbag.co\/es\/product\/bell-ross-br-03-94-chronograph-grey-dial\/#breadcrumblist"},"image":{"@type":"ImageObject","url":"https:\/\/theonlyperfectbag.co\/wp-content\/uploads\/2025\/01\/737c13eeefa0621c2ee80d7fa4984824.jpg","@id":"https:\/\/theonlyperfectbag.co\/es\/product\/bell-ross-br-03-94-chronograph-grey-dial\/#mainImage","width":1080,"height":1080},"primaryImageOfPage":{"@id":"https:\/\/theonlyperfectbag.co\/es\/product\/bell-ross-br-03-94-chronograph-grey-dial\/#mainImage"},"datePublished":"2025-01-15T10:06:59+00:00","dateModified":"2025-01-17T14:19:08+00:00"},{"@type":"WebSite","@id":"https:\/\/theonlyperfectbag.co\/es\/#website","url":"https:\/\/theonlyperfectbag.co\/es\/","name":"1:1 replica designer bags Online Store","inLanguage":"es-ES","publisher":{"@id":"https:\/\/theonlyperfectbag.co\/es\/#person"}}]},"og:locale":"es_ES","og:site_name":"1:1 replica designer bags Online Store -","og:type":"article","og:title":"Bell Ross BR 03-94 Chronograph Grey Dial - 1:1 replica designer bags Online Store","og:description":"Brand:Bell RossGender:MensMovement:AutomaticCrystal:Scratch Resistant SapphireCase Diameter:42 MMCase Color:BlackShape:SquareDial color:GreyDial Type:Indexes, LuminousBand color:GreyBand Material:Rubber StrapClasp:Pin BuckleWater_resistance:Asian:life waterproof, Swiss: 300 mAvailability:Item is in stockReturn Policy:If you are not satisfied with our product, please return your watch within 30 days for a full refund. Return Terms.","og:url":"https:\/\/theonlyperfectbag.co\/es\/product\/bell-ross-br-03-94-chronograph-grey-dial\/","article:published_time":"2025-01-15T10:06:59+00:00","article:modified_time":"2025-01-17T14:19:08+00:00","twitter:card":"summary_large_image","twitter:title":"Bell Ross BR 03-94 Chronograph Grey Dial - 1:1 replica designer bags Online Store","twitter:description":"Brand:Bell RossGender:MensMovement:AutomaticCrystal:Scratch Resistant SapphireCase Diameter:42 MMCase Color:BlackShape:SquareDial color:GreyDial Type:Indexes, LuminousBand color:GreyBand Material:Rubber StrapClasp:Pin BuckleWater_resistance:Asian:life waterproof, Swiss: 300 mAvailability:Item is in stockReturn Policy:If you are not satisfied with our product, please return your watch within 30 days for a full refund. Return Terms."},"aioseo_meta_data":{"post_id":"116080","title":null,"description":null,"keywords":null,"keyphrases":null,"primary_term":null,"canonical_url":null,"og_title":null,"og_description":null,"og_object_type":"default","og_image_type":"default","og_image_url":null,"og_image_width":null,"og_image_height":null,"og_image_custom_url":null,"og_image_custom_fields":null,"og_video":null,"og_custom_url":null,"og_article_section":null,"og_article_tags":null,"twitter_use_og":false,"twitter_card":"default","twitter_image_type":"default","twitter_image_url":null,"twitter_image_custom_url":null,"twitter_image_custom_fields":null,"twitter_title":null,"twitter_description":null,"schema":{"blockGraphs":[],"customGraphs":[],"default":{"data":{"Article":[],"Course":[],"Dataset":[],"FAQPage":[],"Movie":[],"Person":[],"Product":[],"ProductReview":[],"Car":[],"Recipe":[],"Service":[],"SoftwareApplication":[],"WebPage":[]},"graphName":"","isEnabled":true},"graphs":[]},"schema_type":"default","schema_type_options":null,"pillar_content":false,"robots_default":true,"robots_noindex":false,"robots_noarchive":false,"robots_nosnippet":false,"robots_nofollow":false,"robots_noimageindex":false,"robots_noodp":false,"robots_notranslate":false,"robots_max_snippet":null,"robots_max_videopreview":null,"robots_max_imagepreview":"large","priority":null,"frequency":null,"local_seo":null,"breadcrumb_settings":null,"limit_modified_date":false,"open_ai":null,"ai":null,"created":"2025-01-16 07:09:53","updated":"2025-10-05 01:05:32"},"aioseo_breadcrumb":"<div class=\"aioseo-breadcrumbs\"><span class=\"aioseo-breadcrumb\">\n\t<a href=\"https:\/\/theonlyperfectbag.co\/es\" title=\"Home\">Home<\/a>\n<\/span><span class=\"aioseo-breadcrumb-separator\">\u00bb<\/span><span class=\"aioseo-breadcrumb\">\n\t<a href=\"https:\/\/theonlyperfectbag.co\/es\/shop\/\" title=\"Shop\">Shop<\/a>\n<\/span><span class=\"aioseo-breadcrumb-separator\">\u00bb<\/span><span class=\"aioseo-breadcrumb\">\n\t<a href=\"https:\/\/theonlyperfectbag.co\/es\/product-category\/watches\/\" title=\"Watches\">Watches<\/a>\n<\/span><span class=\"aioseo-breadcrumb-separator\">\u00bb<\/span><span class=\"aioseo-breadcrumb\">\n\t<a href=\"https:\/\/theonlyperfectbag.co\/es\/product-category\/watches\/bell-ross\/\" title=\"Bell Ross\">Bell Ross<\/a>\n<\/span><span class=\"aioseo-breadcrumb-separator\">\u00bb<\/span><span class=\"aioseo-breadcrumb\">\n\tBell Ross BR 03-94 Chronograph Grey Dial\n<\/span><\/div>","aioseo_breadcrumb_json":[{"label":"Home","link":"https:\/\/theonlyperfectbag.co\/es"},{"label":"Shop","link":"https:\/\/theonlyperfectbag.co\/es\/shop\/"},{"label":"Watches","link":"https:\/\/theonlyperfectbag.co\/es\/product-category\/watches\/"},{"label":"Bell Ross","link":"https:\/\/theonlyperfectbag.co\/es\/product-category\/watches\/bell-ross\/"},{"label":"Bell Ross BR 03-94 Chronograph Grey Dial","link":"https:\/\/theonlyperfectbag.co\/es\/product\/bell-ross-br-03-94-chronograph-grey-dial\/"}],"_links":{"self":[{"href":"https:\/\/theonlyperfectbag.co\/es\/wp-json\/wp\/v2\/product\/116080"}],"collection":[{"href":"https:\/\/theonlyperfectbag.co\/es\/wp-json\/wp\/v2\/product"}],"about":[{"href":"https:\/\/theonlyperfectbag.co\/es\/wp-json\/wp\/v2\/types\/product"}],"replies":[{"embeddable":true,"href":"https:\/\/theonlyperfectbag.co\/es\/wp-json\/wp\/v2\/comments?post=116080"}],"version-history":[{"count":1,"href":"https:\/\/theonlyperfectbag.co\/es\/wp-json\/wp\/v2\/product\/116080\/revisions"}],"predecessor-version":[{"id":116127,"href":"https:\/\/theonlyperfectbag.co\/es\/wp-json\/wp\/v2\/product\/116080\/revisions\/116127"}],"wp:featuredmedia":[{"embeddable":true,"href":"https:\/\/theonlyperfectbag.co\/es\/wp-json\/wp\/v2\/media\/116126"}],"wp:attachment":[{"href":"https:\/\/theonlyperfectbag.co\/es\/wp-json\/wp\/v2\/media?parent=116080"}],"wp:term":[{"taxonomy":"product_cat","embeddable":true,"href":"https:\/\/theonlyperfectbag.co\/es\/wp-json\/wp\/v2\/product_cat?post=116080"},{"taxonomy":"product_tag","embeddable":true,"href":"https:\/\/theonlyperfectbag.co\/es\/wp-json\/wp\/v2\/product_tag?post=116080"}],"curies":[{"name":"wp","href":"https:\/\/api.w.org\/{rel}","templated":true}]}}