{"id":81,"date":"2024-04-04T16:02:20","date_gmt":"2024-04-04T16:02:20","guid":{"rendered":"https:\/\/qiuyi2.me6.shop\/?page_id=81"},"modified":"2024-04-04T16:03:30","modified_gmt":"2024-04-04T16:03:30","slug":"shipping-policy","status":"publish","type":"page","link":"https:\/\/theonlyperfectbag.co\/es\/shipping-policy\/","title":{"rendered":"Pol\u00edtica de env\u00edos"},"content":{"rendered":"<div data-elementor-type=\"wp-page\" data-elementor-id=\"81\" class=\"elementor elementor-81\" data-elementor-post-type=\"page\">\n\t\t\t\t\t\t<section class=\"wd-negative-gap elementor-section elementor-top-section elementor-element elementor-element-1e0f0d96 wd-section-stretch elementor-section-boxed elementor-section-height-default elementor-section-height-default\" data-id=\"1e0f0d96\" data-element_type=\"section\">\n\t\t\t\t\t\t<div class=\"elementor-container elementor-column-gap-default\">\n\t\t\t\t\t<div class=\"elementor-column elementor-col-100 elementor-top-column elementor-element elementor-element-e71b457\" data-id=\"e71b457\" data-element_type=\"column\">\n\t\t\t<div class=\"elementor-widget-wrap elementor-element-populated\">\n\t\t\t\t\t\t<div class=\"elementor-element elementor-element-5f4487a0 elementor-widget elementor-widget-heading\" data-id=\"5f4487a0\" data-element_type=\"widget\" data-widget_type=\"heading.default\">\n\t\t\t\t<div class=\"elementor-widget-container\">\n\t\t\t<style>\/*! elementor - v3.21.0 - 24-04-2024 *\/\n.elementor-heading-title{padding:0;margin:0;line-height:1}.elementor-widget-heading .elementor-heading-title[class*=elementor-size-]>a{color:inherit;font-size:inherit;line-height:inherit}.elementor-widget-heading .elementor-heading-title.elementor-size-small{font-size:15px}.elementor-widget-heading .elementor-heading-title.elementor-size-medium{font-size:19px}.elementor-widget-heading .elementor-heading-title.elementor-size-large{font-size:29px}.elementor-widget-heading .elementor-heading-title.elementor-size-xl{font-size:39px}.elementor-widget-heading .elementor-heading-title.elementor-size-xxl{font-size:59px}<\/style><h2 class=\"elementor-heading-title elementor-size-default\">Pol\u00edtica de env\u00edos<\/h2>\t\t<\/div>\n\t\t\t\t<\/div>\n\t\t\t\t<div class=\"elementor-element elementor-element-56138e64 text-center wd-single-breadcrumbs wd-breadcrumbs elementor-widget elementor-widget-wd_wc_breadcrumb\" data-id=\"56138e64\" data-element_type=\"widget\" data-widget_type=\"wd_wc_breadcrumb.default\">\n\t\t\t\t<div class=\"elementor-widget-container\">\n\t\t\t<nav class=\"woocommerce-breadcrumb\" aria-label=\"Migas de pan\">\t\t\t\t<span class=\"breadcrumb-last\">\n\t\t\t\t\tInicio\t\t\t\t<\/span>\n\t\t\t<\/nav>\t\t<\/div>\n\t\t\t\t<\/div>\n\t\t\t\t\t<\/div>\n\t\t<\/div>\n\t\t\t\t\t<\/div>\n\t\t<\/section>\n\t\t\t\t<section class=\"elementor-section elementor-top-section elementor-element elementor-element-73cecbce elementor-section-boxed elementor-section-height-default elementor-section-height-default\" data-id=\"73cecbce\" data-element_type=\"section\">\n\t\t\t\t\t\t<div class=\"elementor-container elementor-column-gap-default\">\n\t\t\t\t\t<div class=\"elementor-column elementor-col-100 elementor-top-column elementor-element elementor-element-1b6a187b\" data-id=\"1b6a187b\" data-element_type=\"column\">\n\t\t\t<div class=\"elementor-widget-wrap elementor-element-populated\">\n\t\t\t\t\t\t<div class=\"elementor-element elementor-element-4175dfe2 color-scheme-inherit text-left elementor-widget elementor-widget-text-editor\" data-id=\"4175dfe2\" data-element_type=\"widget\" data-widget_type=\"text-editor.default\">\n\t\t\t\t<div class=\"elementor-widget-container\">\n\t\t\t<style>\/*! elementor - v3.21.0 - 24-04-2024 *\/\n.elementor-widget-text-editor.elementor-drop-cap-view-stacked .elementor-drop-cap{background-color:#69727d;color:#fff}.elementor-widget-text-editor.elementor-drop-cap-view-framed .elementor-drop-cap{color:#69727d;border:3px solid;background-color:transparent}.elementor-widget-text-editor:not(.elementor-drop-cap-view-default) .elementor-drop-cap{margin-top:8px}.elementor-widget-text-editor:not(.elementor-drop-cap-view-default) .elementor-drop-cap-letter{width:1em;height:1em}.elementor-widget-text-editor .elementor-drop-cap{float:left;text-align:center;line-height:1;font-size:50px}.elementor-widget-text-editor .elementor-drop-cap-letter{display:inline-block}<\/style>\t\t\t\t<p><strong>Estamos orgullosos de ofrecer servicios de env\u00edo internacional que actualmente opera en los EE.UU. y m\u00e1s de 200 pa\u00edses en todo el mundo. Nada significa m\u00e1s para nosotros que ofrecer a nuestros clientes un gran valor y servicio. Seguiremos creciendo para satisfacer las necesidades de todos nuestros clientes, ofreciendo un servicio m\u00e1s all\u00e1 de toda expectativa en cualquier parte del mundo.<\/strong><\/p><figure class=\"wp-block-table\"><table><tbody><tr><td>\u00a0<\/td><td>ENV\u00cdO EST\u00c1NDAR GRATUITO<br \/>O [TASA ECON\u00d3MICA CALCULADA](7-15 d\u00edas laborables)<\/td><td>ENV\u00cdO INTERNACIONAL PRIORITARIO<br \/>*CALCULADO DURANTE EL PAGO<br \/>(5-10 d\u00edas laborables)<\/td><\/tr><tr><td>Confiscaci\u00f3n aduanera<\/td><td>No cubierto<\/td><td>No cubierto (opci\u00f3n adicional disponible durante el proceso de pago, 7% de descuento sobre el importe total del pedido)<\/td><\/tr><tr><td>Protecci\u00f3n adicional en el embalaje del pedido<\/td><td>NO<\/td><td>S\u00cd<\/td><\/tr><tr><td>\u00bfDetalles de seguimiento?<\/td><td>S\u00cd<\/td><td>S\u00cd<\/td><\/tr><tr><td>Tiempo de tramitaci\u00f3n del pedido<\/td><td>2-3 d\u00edas (excepto fines de semana y festivos)<\/td><td>menos de 24 horas (excepto fines de semana y festivos)<\/td><\/tr><tr><td>Mensajer\u00eda\/Agente de transporte<\/td><td>DHL\/UPS\/EMS\/DPD\/FEDEX<\/td><td>DHL\/UPS\/EMS\/DPD\/FEDEX<\/td><\/tr><tr><td>Plazo de entrega a EE.UU. y Canad\u00e1<\/td><td>7-12 d\u00edas<\/td><td>5-7 d\u00edas<\/td><\/tr><tr><td>Plazo de entrega en el Reino Unido<\/td><td>7-15 d\u00edas<\/td><td>6-10 d\u00edas<\/td><\/tr><tr><td>Plazo de entrega a Europa<\/td><td>7-15 d\u00edas<\/td><td>6-10 d\u00edas<\/td><\/tr><tr><td>Resto del mundo<\/td><td>6-20 d\u00edas<\/td><td>6-15 d\u00edas<\/td><\/tr><tr><td>Pa\u00edses a los que NO realizamos env\u00edos<\/td><td>China, Corea del Norte<\/td><td>China, Corea del Norte<\/td><\/tr><\/tbody><\/table><\/figure><p>\u00a0<\/p><p><strong>PREGUNTA:\u00bfPor qu\u00e9 algunos pedidos tardan hasta 15 d\u00edas o m\u00e1s en enviarse?<\/strong><\/p><p>RESPUESTA: Debido a los altos niveles de fraude de CC, comprobamos cada pedido individualmente. Tambi\u00e9n enviamos cada pedido sospechoso de fraude a nuestro procesador de CC para su verificaci\u00f3n. Este proceso puede llevar mucho tiempo, pero dado que los beneficios de nuestros productos son m\u00ednimos, no podemos permitirnos perder ninguno por fraude. Apreciamos su paciencia y gracias por su negocio.<\/p><p>Cuando su pedido se haya realizado correctamente, recibir\u00e1 un correo electr\u00f3nico de confirmaci\u00f3n. Una vez enviado, recibir\u00e1 un segundo correo electr\u00f3nico con la informaci\u00f3n de seguimiento. En ocasiones, los correos electr\u00f3nicos de confirmaci\u00f3n de env\u00edo pueden enviarse sin n\u00fameros de seguimiento. Si esto ocurre, recibir\u00e1 un segundo correo electr\u00f3nico de confirmaci\u00f3n cuando el almac\u00e9n haya adjuntado el seguimiento a su pedido. Por favor, espere hasta 72 horas para que su informaci\u00f3n de seguimiento sea actualizada.<\/p><p><strong>\u00bfC\u00d3MO ES EL ENV\u00cdO GRATUITO CUANDO RECIBO MI PEDIDO?<\/strong><br \/>*Exenci\u00f3n de responsabilidad: la caja puede sufrir peque\u00f1os da\u00f1os durante el env\u00edo, ya que cada pa\u00eds o departamento del mundo gestiona los paquetes de forma diferente.<\/p><p><strong>\u00bfC\u00d3MO ES EL ENV\u00cdO PRIORITARIO PAGADO CUANDO RECIBO MI PEDIDO?<\/strong><br \/>El env\u00edo prioritario de pago ofrece protecci\u00f3n adicional para su pedido y tiempo de procesamiento prioritario, lo que significa que no tiene que esperar en la cola a que otros pedidos se realicen primero (ahorrando hasta 3-5 d\u00edas), arriesg\u00e1ndose a que el art\u00edculo se agote y a que se le garantice la opci\u00f3n de env\u00edo m\u00e1s segura posible.<\/p><p><strong>Enviamos a:<\/strong><br \/>Asia: Hong Kong, Indonesia, Jap\u00f3n, Malasia, Macao, Filipinas, Singapur, Corea del Sur, Tailandia y Taiw\u00e1n a trav\u00e9s de EMS\/DHL.<br \/>Otros pa\u00edses de Asia: India, Kirguist\u00e1n, Om\u00e1n, Yemen, Arabia Saud\u00ed, Turkmenist\u00e1n, Tayikist\u00e1n, Estados \u00c1rabes Unidos, Uzbekist\u00e1n v\u00eda Aramex\/DHL.<br \/>Am\u00e9rica: EE.UU. y Canad\u00e1 a trav\u00e9s de DHL.<br \/>Otras Am\u00e9ricas: Argentina, Brasil, Puerto Rico, M\u00e9xico, Per\u00fa, Chile, etc., a trav\u00e9s de DHL.<br \/>Europa principal: Austria, B\u00e9lgica, Rep\u00fablica Checa, Dinamarca, Alemania, Francia, Finlandia, Hungr\u00eda, Irlanda, Italia, Pa\u00edses Bajos, Noruega, Espa\u00f1a, Suiza, Suecia, Eslovaquia, Reino Unido, etc. a trav\u00e9s de DHL\/Fedex\/DPD.<br \/>Otros pa\u00edses de Europa: Ruman\u00eda, Rusia, Ucrania, Turqu\u00eda, Portugal, Estonia, Grecia, etc, a trav\u00e9s de EMS\/DHL\/Fedex\/DPD.<br \/>Ocean\u00eda: Australia y Nueva Zelanda a trav\u00e9s de EMS.<\/p><p><strong>Pedidos pendientes<\/strong><br \/>No podemos garantizar que tengamos todos los art\u00edculos en stock todo el tiempo, si su art\u00edculo no est\u00e1 en stock y no se espera que est\u00e9 en stock dentro de dos d\u00edas h\u00e1biles, nos pondremos en contacto con usted con los detalles de la orden de nuevo o un posible art\u00edculo sustituto si hay uno disponible o podemos reembolsar el importe total de nuevo a usted en cr\u00e9ditos de la tienda de toda la vida. Si tienes una necesidad cr\u00edtica o urgente, no dudes en enviarnos un correo electr\u00f3nico o un mensaje directo en Instagram para asegurarte de que tu pedido llegue tan pronto como lo necesites.<\/p><p><strong>Garant\u00eda de entrega<\/strong><\/p><ol><li>Su pedido le ser\u00e1 enviado con todas las garant\u00edas.<\/li><li>Por favor, aseg\u00farese de que alguien estar\u00e1 disponible para recibir su pedido, de lo contrario, su paquete puede ser devuelto a nosotros.<\/li><\/ol><p><strong>Retrasos<\/strong><\/p><p>Las fechas de entrega no est\u00e1n garantizadas y su pedido puede llegar despu\u00e9s de la fecha de llegada estimada por diversos motivos, como:<br \/>1. Retrasos debidos a las condiciones meteorol\u00f3gicas<br \/>2. La entrega se realiza fuera de las grandes ciudades<br \/>3. Retrasos imprevistos de uno de nuestros transportistas<br \/>4. Retrasos en la disponibilidad de los productos<br \/>5. La entrega se realiza en un apartado de correos o en una direcci\u00f3n APO\/FPO.<br \/>6. Retrasos debidos a la realizaci\u00f3n de pedidos en un d\u00eda festivo<br \/>7. Retrasos debidos a problemas con la autorizaci\u00f3n y verificaci\u00f3n de las tarjetas de cr\u00e9dito<\/p>\t\t\t\t\t\t<\/div>\n\t\t\t\t<\/div>\n\t\t\t\t\t<\/div>\n\t\t<\/div>\n\t\t\t\t\t<\/div>\n\t\t<\/section>\n\t\t\t\t<\/div>","protected":false},"excerpt":{"rendered":"<p>\u9996\u9875 We are proud to offer international shipping services that currently operates in the US and over 200 countries worldwide.<\/p>","protected":false},"author":1,"featured_media":0,"parent":0,"menu_order":0,"comment_status":"closed","ping_status":"closed","template":"elementor_header_footer","meta":{"om_disable_all_campaigns":false,"footnotes":""},"aioseo_notices":[],"aioseo_head":"\n\t\t<!-- All in One SEO Pro 4.8.5 - aioseo.com -->\n\t<meta name=\"description\" content=\"Shipping Policy Inicio Shipping Policy We are proud to offer international shipping services that currently operates in the US and over 200 countries worldwide. Nothing means more to us than bringing our customers great value and service. We will continue to grow to meet the needs of all our customers, delivering a service beyond\" \/>\n\t<meta name=\"robots\" content=\"max-image-preview:large\" \/>\n\t<meta name=\"google-site-verification\" content=\"vmyk1SY9gJOD3bPogQUeTA2GxTGPVc540tyzkbV7rgM\" \/>\n\t<link rel=\"canonical\" href=\"https:\/\/theonlyperfectbag.co\/es\/shipping-policy\/\" \/>\n\t<meta name=\"generator\" content=\"All in One SEO Pro (AIOSEO) 4.8.5\" \/>\n\t\t<meta property=\"og:locale\" content=\"es_ES\" \/>\n\t\t<meta property=\"og:site_name\" content=\"1:1 replica designer bags Online Store -\" \/>\n\t\t<meta property=\"og:type\" content=\"article\" \/>\n\t\t<meta property=\"og:title\" content=\"Shipping Policy - 1:1 replica designer bags Online Store\" \/>\n\t\t<meta property=\"og:description\" content=\"Shipping Policy Inicio Shipping Policy We are proud to offer international shipping services that currently operates in the US and over 200 countries worldwide. Nothing means more to us than bringing our customers great value and service. We will continue to grow to meet the needs of all our customers, delivering a service beyond\" \/>\n\t\t<meta property=\"og:url\" content=\"https:\/\/theonlyperfectbag.co\/es\/shipping-policy\/\" \/>\n\t\t<meta property=\"article:published_time\" content=\"2024-04-04T16:02:20+00:00\" \/>\n\t\t<meta property=\"article:modified_time\" content=\"2024-04-04T16:03:30+00:00\" \/>\n\t\t<meta name=\"twitter:card\" content=\"summary_large_image\" \/>\n\t\t<meta name=\"twitter:title\" content=\"Shipping Policy - 1:1 replica designer bags Online Store\" \/>\n\t\t<meta name=\"twitter:description\" content=\"Shipping Policy Inicio Shipping Policy We are proud to offer international shipping services that currently operates in the US and over 200 countries worldwide. Nothing means more to us than bringing our customers great value and service. We will continue to grow to meet the needs of all our customers, delivering a service beyond\" \/>\n\t\t<script type=\"application\/ld+json\" class=\"aioseo-schema\">\n\t\t\t{\"@context\":\"https:\\\/\\\/schema.org\",\"@graph\":[{\"@type\":\"BreadcrumbList\",\"@id\":\"https:\\\/\\\/theonlyperfectbag.co\\\/es\\\/shipping-policy\\\/#breadcrumblist\",\"itemListElement\":[{\"@type\":\"ListItem\",\"@id\":\"https:\\\/\\\/theonlyperfectbag.co\\\/es#listItem\",\"position\":1,\"name\":\"Home\",\"item\":\"https:\\\/\\\/theonlyperfectbag.co\\\/es\",\"nextItem\":{\"@type\":\"ListItem\",\"@id\":\"https:\\\/\\\/theonlyperfectbag.co\\\/es\\\/shipping-policy\\\/#listItem\",\"name\":\"Shipping Policy\"}},{\"@type\":\"ListItem\",\"@id\":\"https:\\\/\\\/theonlyperfectbag.co\\\/es\\\/shipping-policy\\\/#listItem\",\"position\":2,\"name\":\"Shipping Policy\",\"previousItem\":{\"@type\":\"ListItem\",\"@id\":\"https:\\\/\\\/theonlyperfectbag.co\\\/es#listItem\",\"name\":\"Home\"}}]},{\"@type\":\"Person\",\"@id\":\"https:\\\/\\\/theonlyperfectbag.co\\\/es\\\/#person\",\"name\":\"admin\",\"image\":{\"@type\":\"ImageObject\",\"@id\":\"https:\\\/\\\/theonlyperfectbag.co\\\/es\\\/shipping-policy\\\/#personImage\",\"url\":\"https:\\\/\\\/secure.gravatar.com\\\/avatar\\\/93cf335968a873604d0caadf3b79e71a?s=96&d=mm&r=g\",\"width\":96,\"height\":96,\"caption\":\"admin\"}},{\"@type\":\"WebPage\",\"@id\":\"https:\\\/\\\/theonlyperfectbag.co\\\/es\\\/shipping-policy\\\/#webpage\",\"url\":\"https:\\\/\\\/theonlyperfectbag.co\\\/es\\\/shipping-policy\\\/\",\"name\":\"Shipping Policy - 1:1 replica designer bags Online Store\",\"description\":\"Shipping Policy Inicio Shipping Policy We are proud to offer international shipping services that currently operates in the US and over 200 countries worldwide. Nothing means more to us than bringing our customers great value and service. We will continue to grow to meet the needs of all our customers, delivering a service beyond\",\"inLanguage\":\"es-ES\",\"isPartOf\":{\"@id\":\"https:\\\/\\\/theonlyperfectbag.co\\\/es\\\/#website\"},\"breadcrumb\":{\"@id\":\"https:\\\/\\\/theonlyperfectbag.co\\\/es\\\/shipping-policy\\\/#breadcrumblist\"},\"datePublished\":\"2024-04-04T16:02:20+00:00\",\"dateModified\":\"2024-04-04T16:03:30+00:00\"},{\"@type\":\"WebSite\",\"@id\":\"https:\\\/\\\/theonlyperfectbag.co\\\/es\\\/#website\",\"url\":\"https:\\\/\\\/theonlyperfectbag.co\\\/es\\\/\",\"name\":\"1:1 replica designer bags Online Store\",\"inLanguage\":\"es-ES\",\"publisher\":{\"@id\":\"https:\\\/\\\/theonlyperfectbag.co\\\/es\\\/#person\"}}]}\n\t\t<\/script>\n\t\t<!-- All in One SEO Pro -->\r\n\t\t<title>Shipping Policy - 1:1 replica designer bags Online Store<\/title>\n\n","aioseo_head_json":{"title":"Shipping Policy - 1:1 replica designer bags Online Store","description":"Shipping Policy Inicio Shipping Policy We are proud to offer international shipping services that currently operates in the US and over 200 countries worldwide. Nothing means more to us than bringing our customers great value and service. We will continue to grow to meet the needs of all our customers, delivering a service beyond","canonical_url":"https:\/\/theonlyperfectbag.co\/es\/shipping-policy\/","robots":"max-image-preview:large","keywords":"","webmasterTools":{"google-site-verification":"vmyk1SY9gJOD3bPogQUeTA2GxTGPVc540tyzkbV7rgM","miscellaneous":""},"schema":{"@context":"https:\/\/schema.org","@graph":[{"@type":"BreadcrumbList","@id":"https:\/\/theonlyperfectbag.co\/es\/shipping-policy\/#breadcrumblist","itemListElement":[{"@type":"ListItem","@id":"https:\/\/theonlyperfectbag.co\/es#listItem","position":1,"name":"Home","item":"https:\/\/theonlyperfectbag.co\/es","nextItem":{"@type":"ListItem","@id":"https:\/\/theonlyperfectbag.co\/es\/shipping-policy\/#listItem","name":"Shipping Policy"}},{"@type":"ListItem","@id":"https:\/\/theonlyperfectbag.co\/es\/shipping-policy\/#listItem","position":2,"name":"Shipping Policy","previousItem":{"@type":"ListItem","@id":"https:\/\/theonlyperfectbag.co\/es#listItem","name":"Home"}}]},{"@type":"Person","@id":"https:\/\/theonlyperfectbag.co\/es\/#person","name":"admin","image":{"@type":"ImageObject","@id":"https:\/\/theonlyperfectbag.co\/es\/shipping-policy\/#personImage","url":"https:\/\/secure.gravatar.com\/avatar\/93cf335968a873604d0caadf3b79e71a?s=96&d=mm&r=g","width":96,"height":96,"caption":"admin"}},{"@type":"WebPage","@id":"https:\/\/theonlyperfectbag.co\/es\/shipping-policy\/#webpage","url":"https:\/\/theonlyperfectbag.co\/es\/shipping-policy\/","name":"Shipping Policy - 1:1 replica designer bags Online Store","description":"Shipping Policy Inicio Shipping Policy We are proud to offer international shipping services that currently operates in the US and over 200 countries worldwide. Nothing means more to us than bringing our customers great value and service. We will continue to grow to meet the needs of all our customers, delivering a service beyond","inLanguage":"es-ES","isPartOf":{"@id":"https:\/\/theonlyperfectbag.co\/es\/#website"},"breadcrumb":{"@id":"https:\/\/theonlyperfectbag.co\/es\/shipping-policy\/#breadcrumblist"},"datePublished":"2024-04-04T16:02:20+00:00","dateModified":"2024-04-04T16:03:30+00:00"},{"@type":"WebSite","@id":"https:\/\/theonlyperfectbag.co\/es\/#website","url":"https:\/\/theonlyperfectbag.co\/es\/","name":"1:1 replica designer bags Online Store","inLanguage":"es-ES","publisher":{"@id":"https:\/\/theonlyperfectbag.co\/es\/#person"}}]},"og:locale":"es_ES","og:site_name":"1:1 replica designer bags Online Store -","og:type":"article","og:title":"Shipping Policy - 1:1 replica designer bags Online Store","og:description":"Shipping Policy Inicio Shipping Policy We are proud to offer international shipping services that currently operates in the US and over 200 countries worldwide. Nothing means more to us than bringing our customers great value and service. We will continue to grow to meet the needs of all our customers, delivering a service beyond","og:url":"https:\/\/theonlyperfectbag.co\/es\/shipping-policy\/","article:published_time":"2024-04-04T16:02:20+00:00","article:modified_time":"2024-04-04T16:03:30+00:00","twitter:card":"summary_large_image","twitter:title":"Shipping Policy - 1:1 replica designer bags Online Store","twitter:description":"Shipping Policy Inicio Shipping Policy We are proud to offer international shipping services that currently operates in the US and over 200 countries worldwide. Nothing means more to us than bringing our customers great value and service. We will continue to grow to meet the needs of all our customers, delivering a service beyond"},"aioseo_meta_data":{"post_id":"81","title":null,"description":null,"keywords":null,"keyphrases":null,"primary_term":null,"canonical_url":null,"og_title":null,"og_description":null,"og_object_type":"default","og_image_type":"default","og_image_url":null,"og_image_width":null,"og_image_height":null,"og_image_custom_url":null,"og_image_custom_fields":null,"og_video":null,"og_custom_url":null,"og_article_section":null,"og_article_tags":null,"twitter_use_og":false,"twitter_card":"default","twitter_image_type":"default","twitter_image_url":null,"twitter_image_custom_url":null,"twitter_image_custom_fields":null,"twitter_title":null,"twitter_description":null,"schema":{"blockGraphs":[],"customGraphs":[],"default":{"data":{"Article":[],"Course":[],"Dataset":[],"FAQPage":[],"Movie":[],"Person":[],"Product":[],"ProductReview":[],"Car":[],"Recipe":[],"Service":[],"SoftwareApplication":[],"WebPage":[]},"graphName":"Product","isEnabled":true},"graphs":[]},"schema_type":"default","schema_type_options":null,"pillar_content":false,"robots_default":true,"robots_noindex":false,"robots_noarchive":false,"robots_nosnippet":false,"robots_nofollow":false,"robots_noimageindex":false,"robots_noodp":false,"robots_notranslate":false,"robots_max_snippet":null,"robots_max_videopreview":null,"robots_max_imagepreview":"large","priority":null,"frequency":null,"local_seo":null,"breadcrumb_settings":null,"limit_modified_date":false,"open_ai":null,"ai":null,"created":"2024-09-02 09:30:00","updated":"2026-04-25 15:33:40"},"aioseo_breadcrumb":"<div class=\"aioseo-breadcrumbs\"><span class=\"aioseo-breadcrumb\">\n\t<a href=\"https:\/\/theonlyperfectbag.co\/es\" title=\"Home\">Home<\/a>\n<\/span><span class=\"aioseo-breadcrumb-separator\">\u00bb<\/span><span class=\"aioseo-breadcrumb\">\n\tShipping Policy\n<\/span><\/div>","aioseo_breadcrumb_json":[{"label":"Home","link":"https:\/\/theonlyperfectbag.co\/es"},{"label":"Shipping Policy","link":"https:\/\/theonlyperfectbag.co\/es\/shipping-policy\/"}],"_links":{"self":[{"href":"https:\/\/theonlyperfectbag.co\/es\/wp-json\/wp\/v2\/pages\/81"}],"collection":[{"href":"https:\/\/theonlyperfectbag.co\/es\/wp-json\/wp\/v2\/pages"}],"about":[{"href":"https:\/\/theonlyperfectbag.co\/es\/wp-json\/wp\/v2\/types\/page"}],"author":[{"embeddable":true,"href":"https:\/\/theonlyperfectbag.co\/es\/wp-json\/wp\/v2\/users\/1"}],"replies":[{"embeddable":true,"href":"https:\/\/theonlyperfectbag.co\/es\/wp-json\/wp\/v2\/comments?post=81"}],"version-history":[{"count":4,"href":"https:\/\/theonlyperfectbag.co\/es\/wp-json\/wp\/v2\/pages\/81\/revisions"}],"predecessor-version":[{"id":88,"href":"https:\/\/theonlyperfectbag.co\/es\/wp-json\/wp\/v2\/pages\/81\/revisions\/88"}],"wp:attachment":[{"href":"https:\/\/theonlyperfectbag.co\/es\/wp-json\/wp\/v2\/media?parent=81"}],"curies":[{"name":"wp","href":"https:\/\/api.w.org\/{rel}","templated":true}]}}