{"id":115965,"date":"2025-01-15T10:03:34","date_gmt":"2025-01-15T10:03:34","guid":{"rendered":"https:\/\/perfectluxurybags.ru\/?post_type=product&#038;p=115965"},"modified":"2025-01-17T14:19:10","modified_gmt":"2025-01-17T14:19:10","slug":"bell-ross-br-03-92-d-bl-st-srb-black-dial","status":"publish","type":"product","link":"https:\/\/theonlyperfectbag.co\/de\/product\/bell-ross-br-03-92-d-bl-st-srb-black-dial\/","title":{"rendered":"Bell Ross BR 03 92-D-BL-ST\/SRB Black Dial"},"content":{"rendered":"<table>\n<tbody>\n<tr>\n<th>Marke:<\/th>\n<td>Bell Ross<\/td>\n<\/tr>\n<tr>\n<th>Geschlecht:<\/th>\n<td>Herren<\/td>\n<\/tr>\n<tr>\n<th>Bewegung:<\/th>\n<td>Automatisch<\/td>\n<\/tr>\n<tr>\n<th>Kristall:<\/th>\n<td>Kratzfester Saphir<\/td>\n<\/tr>\n<tr>\n<th>Geh\u00e4use-Durchmesser:<\/th>\n<td>42 MM<\/td>\n<\/tr>\n<tr>\n<th>Farbe des Geh\u00e4uses:<\/th>\n<td>Silber<\/td>\n<\/tr>\n<tr>\n<th>Die Form:<\/th>\n<td>Quadratisch<\/td>\n<\/tr>\n<tr>\n<th>Farbe des Zifferblatts:<\/th>\n<td>Schwarz<\/td>\n<\/tr>\n<tr>\n<th>Zifferblatt Typ:<\/th>\n<td>Indizes, leuchtend<\/td>\n<\/tr>\n<tr>\n<th>Farbe des Bandes:<\/th>\n<td>Schwarz<\/td>\n<\/tr>\n<tr>\n<th>Material des Bandes:<\/th>\n<td>Gummi-Armband<\/td>\n<\/tr>\n<tr>\n<th>Schlie\u00dfe:<\/th>\n<td>Pin-Schnalle<\/td>\n<\/tr>\n<tr>\n<th>Wasserbest\u00e4ndigkeit:<\/th>\n<td>Asiatisch: lebenslang wasserdicht, Schweizerisch: 300 m<\/td>\n<\/tr>\n<tr>\n<th>Verf\u00fcgbarkeit:<\/th>\n<td>Artikel ist auf Lager<\/td>\n<\/tr>\n<tr>\n<th>R\u00fcckgabebedingungen:<\/th>\n<td>Wenn Sie mit unserem Produkt nicht zufrieden sind, geben Sie Ihre Uhr bitte innerhalb von 30 Tagen zur\u00fcck und Sie erhalten eine volle R\u00fcckerstattung. R\u00fcckgabebedingungen.<\/p>\n<\/td>\n<\/tr>\n<\/tbody>\n<\/table>","protected":false},"excerpt":{"rendered":"<p>Brand: Bell Ross Gender: Mens Movement: Automatic Crystal: Scratch Resistant Sapphire Case Diameter: 42 MM Case Color: Silver Shape: Square<\/p>","protected":false},"featured_media":116018,"comment_status":"open","ping_status":"closed","template":"","meta":{"om_disable_all_campaigns":false},"product_cat":[896,69],"product_tag":[],"aioseo_notices":[],"aioseo_head":"\n\t\t<!-- All in One SEO Pro 4.8.5 - aioseo.com -->\n\t<meta name=\"description\" content=\"Brand:Bell RossGender:MensMovement:AutomaticCrystal:Scratch Resistant SapphireCase Diameter:42 MMCase Color:SilverShape:SquareDial color:BlackDial Type:Indexes, LuminousBand color:BlackBand Material:Rubber StrapClasp:Pin BuckleWater_resistance:Asian:life waterproof, Swiss: 300 mAvailability:Item is in stockReturn Policy:If you are not satisfied with our product, please return your watch within 30 days for a full refund. Return Terms.\" \/>\n\t<meta name=\"robots\" content=\"max-image-preview:large\" \/>\n\t<meta name=\"google-site-verification\" content=\"vmyk1SY9gJOD3bPogQUeTA2GxTGPVc540tyzkbV7rgM\" \/>\n\t<link rel=\"canonical\" href=\"https:\/\/theonlyperfectbag.co\/de\/product\/bell-ross-br-03-92-d-bl-st-srb-black-dial\/\" \/>\n\t<meta name=\"generator\" content=\"All in One SEO Pro (AIOSEO) 4.8.5\" \/>\n\t\t<meta property=\"og:locale\" content=\"de_DE\" \/>\n\t\t<meta property=\"og:site_name\" content=\"1:1 replica designer bags Online Store -\" \/>\n\t\t<meta property=\"og:type\" content=\"article\" \/>\n\t\t<meta property=\"og:title\" content=\"Bell Ross BR 03 92-D-BL-ST\/SRB Black Dial - 1:1 replica designer bags Online Store\" \/>\n\t\t<meta property=\"og:description\" content=\"Brand:Bell RossGender:MensMovement:AutomaticCrystal:Scratch Resistant SapphireCase Diameter:42 MMCase Color:SilverShape:SquareDial color:BlackDial Type:Indexes, LuminousBand color:BlackBand Material:Rubber StrapClasp:Pin BuckleWater_resistance:Asian:life waterproof, Swiss: 300 mAvailability:Item is in stockReturn Policy:If you are not satisfied with our product, please return your watch within 30 days for a full refund. Return Terms.\" \/>\n\t\t<meta property=\"og:url\" content=\"https:\/\/theonlyperfectbag.co\/de\/product\/bell-ross-br-03-92-d-bl-st-srb-black-dial\/\" \/>\n\t\t<meta property=\"article:published_time\" content=\"2025-01-15T10:03:34+00:00\" \/>\n\t\t<meta property=\"article:modified_time\" content=\"2025-01-17T14:19:10+00:00\" \/>\n\t\t<meta name=\"twitter:card\" content=\"summary_large_image\" \/>\n\t\t<meta name=\"twitter:title\" content=\"Bell Ross BR 03 92-D-BL-ST\/SRB Black Dial - 1:1 replica designer bags Online Store\" \/>\n\t\t<meta name=\"twitter:description\" content=\"Brand:Bell RossGender:MensMovement:AutomaticCrystal:Scratch Resistant SapphireCase Diameter:42 MMCase Color:SilverShape:SquareDial color:BlackDial Type:Indexes, LuminousBand color:BlackBand Material:Rubber StrapClasp:Pin BuckleWater_resistance:Asian:life waterproof, Swiss: 300 mAvailability:Item is in stockReturn Policy:If you are not satisfied with our product, please return your watch within 30 days for a full refund. Return Terms.\" \/>\n\t\t<script type=\"application\/ld+json\" class=\"aioseo-schema\">\n\t\t\t{\"@context\":\"https:\\\/\\\/schema.org\",\"@graph\":[{\"@type\":\"BreadcrumbList\",\"@id\":\"https:\\\/\\\/theonlyperfectbag.co\\\/de\\\/product\\\/bell-ross-br-03-92-d-bl-st-srb-black-dial\\\/#breadcrumblist\",\"itemListElement\":[{\"@type\":\"ListItem\",\"@id\":\"https:\\\/\\\/theonlyperfectbag.co\\\/de#listItem\",\"position\":1,\"name\":\"Home\",\"item\":\"https:\\\/\\\/theonlyperfectbag.co\\\/de\",\"nextItem\":{\"@type\":\"ListItem\",\"@id\":\"https:\\\/\\\/theonlyperfectbag.co\\\/de\\\/shop\\\/#listItem\",\"name\":\"Shop\"}},{\"@type\":\"ListItem\",\"@id\":\"https:\\\/\\\/theonlyperfectbag.co\\\/de\\\/shop\\\/#listItem\",\"position\":2,\"name\":\"Shop\",\"item\":\"https:\\\/\\\/theonlyperfectbag.co\\\/de\\\/shop\\\/\",\"nextItem\":{\"@type\":\"ListItem\",\"@id\":\"https:\\\/\\\/theonlyperfectbag.co\\\/de\\\/product-category\\\/watches\\\/#listItem\",\"name\":\"Watches\"},\"previousItem\":{\"@type\":\"ListItem\",\"@id\":\"https:\\\/\\\/theonlyperfectbag.co\\\/de#listItem\",\"name\":\"Home\"}},{\"@type\":\"ListItem\",\"@id\":\"https:\\\/\\\/theonlyperfectbag.co\\\/de\\\/product-category\\\/watches\\\/#listItem\",\"position\":3,\"name\":\"Watches\",\"item\":\"https:\\\/\\\/theonlyperfectbag.co\\\/de\\\/product-category\\\/watches\\\/\",\"nextItem\":{\"@type\":\"ListItem\",\"@id\":\"https:\\\/\\\/theonlyperfectbag.co\\\/de\\\/product-category\\\/watches\\\/bell-ross\\\/#listItem\",\"name\":\"Bell Ross\"},\"previousItem\":{\"@type\":\"ListItem\",\"@id\":\"https:\\\/\\\/theonlyperfectbag.co\\\/de\\\/shop\\\/#listItem\",\"name\":\"Shop\"}},{\"@type\":\"ListItem\",\"@id\":\"https:\\\/\\\/theonlyperfectbag.co\\\/de\\\/product-category\\\/watches\\\/bell-ross\\\/#listItem\",\"position\":4,\"name\":\"Bell Ross\",\"item\":\"https:\\\/\\\/theonlyperfectbag.co\\\/de\\\/product-category\\\/watches\\\/bell-ross\\\/\",\"nextItem\":{\"@type\":\"ListItem\",\"@id\":\"https:\\\/\\\/theonlyperfectbag.co\\\/de\\\/product\\\/bell-ross-br-03-92-d-bl-st-srb-black-dial\\\/#listItem\",\"name\":\"Bell Ross BR 03 92-D-BL-ST\\\/SRB Black Dial\"},\"previousItem\":{\"@type\":\"ListItem\",\"@id\":\"https:\\\/\\\/theonlyperfectbag.co\\\/de\\\/product-category\\\/watches\\\/#listItem\",\"name\":\"Watches\"}},{\"@type\":\"ListItem\",\"@id\":\"https:\\\/\\\/theonlyperfectbag.co\\\/de\\\/product\\\/bell-ross-br-03-92-d-bl-st-srb-black-dial\\\/#listItem\",\"position\":5,\"name\":\"Bell Ross BR 03 92-D-BL-ST\\\/SRB Black Dial\",\"previousItem\":{\"@type\":\"ListItem\",\"@id\":\"https:\\\/\\\/theonlyperfectbag.co\\\/de\\\/product-category\\\/watches\\\/bell-ross\\\/#listItem\",\"name\":\"Bell Ross\"}}]},{\"@type\":\"Person\",\"@id\":\"https:\\\/\\\/theonlyperfectbag.co\\\/de\\\/#person\",\"name\":\"admin\",\"image\":{\"@type\":\"ImageObject\",\"@id\":\"https:\\\/\\\/theonlyperfectbag.co\\\/de\\\/product\\\/bell-ross-br-03-92-d-bl-st-srb-black-dial\\\/#personImage\",\"url\":\"https:\\\/\\\/secure.gravatar.com\\\/avatar\\\/93cf335968a873604d0caadf3b79e71a?s=96&d=mm&r=g\",\"width\":96,\"height\":96,\"caption\":\"admin\"}},{\"@type\":\"ProductGroup\",\"@id\":\"https:\\\/\\\/theonlyperfectbag.co\\\/de\\\/product\\\/bell-ross-br-03-92-d-bl-st-srb-black-dial\\\/#wooCommerceProduct\",\"name\":\"Bell Ross BR 03 92-D-BL-ST\\\/SRB Black Dial\",\"url\":\"https:\\\/\\\/theonlyperfectbag.co\\\/de\\\/product\\\/bell-ross-br-03-92-d-bl-st-srb-black-dial\\\/\",\"sku\":\"17821515\",\"image\":{\"@type\":\"ImageObject\",\"url\":\"https:\\\/\\\/theonlyperfectbag.co\\\/wp-content\\\/uploads\\\/2025\\\/01\\\/b6a6dc972a2e5e75ae649f991d5a1f65.jpg\",\"@id\":\"https:\\\/\\\/theonlyperfectbag.co\\\/de\\\/product\\\/bell-ross-br-03-92-d-bl-st-srb-black-dial\\\/#productImage\",\"width\":1080,\"height\":1080},\"productGroupID\":115965,\"hasVariant\":[{\"@type\":\"Product\",\"@id\":\"https:\\\/\\\/theonlyperfectbag.co\\\/de\\\/product\\\/bell-ross-br-03-92-d-bl-st-srb-black-dial\\\/#wooCommerceProduct\",\"name\":\"Bell Ross BR 03 92-D-BL-ST\\\/SRB Black Dial - asian-movement\",\"url\":\"https:\\\/\\\/theonlyperfectbag.co\\\/de\\\/product\\\/bell-ross-br-03-92-d-bl-st-srb-black-dial\\\/\",\"sku\":\"17821515-17821515-14803860-70328170-0-0-0-0\",\"image\":{\"@type\":\"ImageObject\",\"url\":\"https:\\\/\\\/theonlyperfectbag.co\\\/wp-content\\\/uploads\\\/2025\\\/01\\\/b6a6dc972a2e5e75ae649f991d5a1f65.jpg\",\"@id\":\"https:\\\/\\\/theonlyperfectbag.co\\\/de\\\/product\\\/bell-ross-br-03-92-d-bl-st-srb-black-dial\\\/#productImage\",\"width\":1080,\"height\":1080},\"offers\":{\"@type\":\"Offer\",\"url\":\"https:\\\/\\\/theonlyperfectbag.co\\\/de\\\/product\\\/bell-ross-br-03-92-d-bl-st-srb-black-dial\\\/#wooCommerceOffer\",\"price\":328,\"priceCurrency\":\"USD\",\"category\":\"Bell Ross\",\"availability\":\"https:\\\/\\\/schema.org\\\/InStock\",\"priceSpecification\":{\"@type\":\"PriceSpecification\",\"price\":328,\"priceCurrency\":\"USD\",\"valueAddedTaxIncluded\":\"true\"}}},{\"@type\":\"Product\",\"@id\":\"https:\\\/\\\/theonlyperfectbag.co\\\/de\\\/product\\\/bell-ross-br-03-92-d-bl-st-srb-black-dial\\\/#wooCommerceProduct\",\"name\":\"Bell Ross BR 03 92-D-BL-ST\\\/SRB Black Dial - swiss-movement\",\"url\":\"https:\\\/\\\/theonlyperfectbag.co\\\/de\\\/product\\\/bell-ross-br-03-92-d-bl-st-srb-black-dial\\\/\",\"sku\":\"17821515-17821515-14803860-70328171-0-0-0-0\",\"image\":{\"@type\":\"ImageObject\",\"url\":\"https:\\\/\\\/theonlyperfectbag.co\\\/wp-content\\\/uploads\\\/2025\\\/01\\\/b6a6dc972a2e5e75ae649f991d5a1f65.jpg\",\"@id\":\"https:\\\/\\\/theonlyperfectbag.co\\\/de\\\/product\\\/bell-ross-br-03-92-d-bl-st-srb-black-dial\\\/#productImage\",\"width\":1080,\"height\":1080},\"offers\":{\"@type\":\"Offer\",\"url\":\"https:\\\/\\\/theonlyperfectbag.co\\\/de\\\/product\\\/bell-ross-br-03-92-d-bl-st-srb-black-dial\\\/#wooCommerceOffer\",\"price\":1499,\"priceCurrency\":\"USD\",\"category\":\"Bell Ross\",\"availability\":\"https:\\\/\\\/schema.org\\\/InStock\",\"priceSpecification\":{\"@type\":\"PriceSpecification\",\"price\":1499,\"priceCurrency\":\"USD\",\"valueAddedTaxIncluded\":\"true\"}}}]},{\"@type\":\"WebPage\",\"@id\":\"https:\\\/\\\/theonlyperfectbag.co\\\/de\\\/product\\\/bell-ross-br-03-92-d-bl-st-srb-black-dial\\\/#webpage\",\"url\":\"https:\\\/\\\/theonlyperfectbag.co\\\/de\\\/product\\\/bell-ross-br-03-92-d-bl-st-srb-black-dial\\\/\",\"name\":\"Bell Ross BR 03 92-D-BL-ST\\\/SRB Black Dial - 1:1 replica designer bags Online Store\",\"description\":\"Brand:Bell RossGender:MensMovement:AutomaticCrystal:Scratch Resistant SapphireCase Diameter:42 MMCase Color:SilverShape:SquareDial color:BlackDial Type:Indexes, LuminousBand color:BlackBand Material:Rubber StrapClasp:Pin BuckleWater_resistance:Asian:life waterproof, Swiss: 300 mAvailability:Item is in stockReturn Policy:If you are not satisfied with our product, please return your watch within 30 days for a full refund. Return Terms.\",\"inLanguage\":\"de-DE\",\"isPartOf\":{\"@id\":\"https:\\\/\\\/theonlyperfectbag.co\\\/de\\\/#website\"},\"breadcrumb\":{\"@id\":\"https:\\\/\\\/theonlyperfectbag.co\\\/de\\\/product\\\/bell-ross-br-03-92-d-bl-st-srb-black-dial\\\/#breadcrumblist\"},\"image\":{\"@type\":\"ImageObject\",\"url\":\"https:\\\/\\\/theonlyperfectbag.co\\\/wp-content\\\/uploads\\\/2025\\\/01\\\/b6a6dc972a2e5e75ae649f991d5a1f65.jpg\",\"@id\":\"https:\\\/\\\/theonlyperfectbag.co\\\/de\\\/product\\\/bell-ross-br-03-92-d-bl-st-srb-black-dial\\\/#mainImage\",\"width\":1080,\"height\":1080},\"primaryImageOfPage\":{\"@id\":\"https:\\\/\\\/theonlyperfectbag.co\\\/de\\\/product\\\/bell-ross-br-03-92-d-bl-st-srb-black-dial\\\/#mainImage\"},\"datePublished\":\"2025-01-15T10:03:34+00:00\",\"dateModified\":\"2025-01-17T14:19:10+00:00\"},{\"@type\":\"WebSite\",\"@id\":\"https:\\\/\\\/theonlyperfectbag.co\\\/de\\\/#website\",\"url\":\"https:\\\/\\\/theonlyperfectbag.co\\\/de\\\/\",\"name\":\"1:1 replica designer bags Online Store\",\"inLanguage\":\"de-DE\",\"publisher\":{\"@id\":\"https:\\\/\\\/theonlyperfectbag.co\\\/de\\\/#person\"}}]}\n\t\t<\/script>\n\t\t<!-- All in One SEO Pro -->\r\n\t\t<title>Bell Ross BR 03 92-D-BL-ST\/SRB Black Dial - 1:1 replica designer bags Online Store<\/title>\n\n","aioseo_head_json":{"title":"Bell Ross BR 03 92-D-BL-ST\/SRB Black Dial - 1:1 replica designer bags Online Store","description":"Brand:Bell RossGender:MensMovement:AutomaticCrystal:Scratch Resistant SapphireCase Diameter:42 MMCase Color:SilverShape:SquareDial color:BlackDial Type:Indexes, LuminousBand color:BlackBand Material:Rubber StrapClasp:Pin BuckleWater_resistance:Asian:life waterproof, Swiss: 300 mAvailability:Item is in stockReturn Policy:If you are not satisfied with our product, please return your watch within 30 days for a full refund. Return Terms.","canonical_url":"https:\/\/theonlyperfectbag.co\/de\/product\/bell-ross-br-03-92-d-bl-st-srb-black-dial\/","robots":"max-image-preview:large","keywords":"","webmasterTools":{"google-site-verification":"vmyk1SY9gJOD3bPogQUeTA2GxTGPVc540tyzkbV7rgM","miscellaneous":""},"schema":{"@context":"https:\/\/schema.org","@graph":[{"@type":"BreadcrumbList","@id":"https:\/\/theonlyperfectbag.co\/de\/product\/bell-ross-br-03-92-d-bl-st-srb-black-dial\/#breadcrumblist","itemListElement":[{"@type":"ListItem","@id":"https:\/\/theonlyperfectbag.co\/de#listItem","position":1,"name":"Home","item":"https:\/\/theonlyperfectbag.co\/de","nextItem":{"@type":"ListItem","@id":"https:\/\/theonlyperfectbag.co\/de\/shop\/#listItem","name":"Shop"}},{"@type":"ListItem","@id":"https:\/\/theonlyperfectbag.co\/de\/shop\/#listItem","position":2,"name":"Shop","item":"https:\/\/theonlyperfectbag.co\/de\/shop\/","nextItem":{"@type":"ListItem","@id":"https:\/\/theonlyperfectbag.co\/de\/product-category\/watches\/#listItem","name":"Watches"},"previousItem":{"@type":"ListItem","@id":"https:\/\/theonlyperfectbag.co\/de#listItem","name":"Home"}},{"@type":"ListItem","@id":"https:\/\/theonlyperfectbag.co\/de\/product-category\/watches\/#listItem","position":3,"name":"Watches","item":"https:\/\/theonlyperfectbag.co\/de\/product-category\/watches\/","nextItem":{"@type":"ListItem","@id":"https:\/\/theonlyperfectbag.co\/de\/product-category\/watches\/bell-ross\/#listItem","name":"Bell Ross"},"previousItem":{"@type":"ListItem","@id":"https:\/\/theonlyperfectbag.co\/de\/shop\/#listItem","name":"Shop"}},{"@type":"ListItem","@id":"https:\/\/theonlyperfectbag.co\/de\/product-category\/watches\/bell-ross\/#listItem","position":4,"name":"Bell Ross","item":"https:\/\/theonlyperfectbag.co\/de\/product-category\/watches\/bell-ross\/","nextItem":{"@type":"ListItem","@id":"https:\/\/theonlyperfectbag.co\/de\/product\/bell-ross-br-03-92-d-bl-st-srb-black-dial\/#listItem","name":"Bell Ross BR 03 92-D-BL-ST\/SRB Black Dial"},"previousItem":{"@type":"ListItem","@id":"https:\/\/theonlyperfectbag.co\/de\/product-category\/watches\/#listItem","name":"Watches"}},{"@type":"ListItem","@id":"https:\/\/theonlyperfectbag.co\/de\/product\/bell-ross-br-03-92-d-bl-st-srb-black-dial\/#listItem","position":5,"name":"Bell Ross BR 03 92-D-BL-ST\/SRB Black Dial","previousItem":{"@type":"ListItem","@id":"https:\/\/theonlyperfectbag.co\/de\/product-category\/watches\/bell-ross\/#listItem","name":"Bell Ross"}}]},{"@type":"Person","@id":"https:\/\/theonlyperfectbag.co\/de\/#person","name":"admin","image":{"@type":"ImageObject","@id":"https:\/\/theonlyperfectbag.co\/de\/product\/bell-ross-br-03-92-d-bl-st-srb-black-dial\/#personImage","url":"https:\/\/secure.gravatar.com\/avatar\/93cf335968a873604d0caadf3b79e71a?s=96&d=mm&r=g","width":96,"height":96,"caption":"admin"}},{"@type":"ProductGroup","@id":"https:\/\/theonlyperfectbag.co\/de\/product\/bell-ross-br-03-92-d-bl-st-srb-black-dial\/#wooCommerceProduct","name":"Bell Ross BR 03 92-D-BL-ST\/SRB Black Dial","url":"https:\/\/theonlyperfectbag.co\/de\/product\/bell-ross-br-03-92-d-bl-st-srb-black-dial\/","sku":"17821515","image":{"@type":"ImageObject","url":"https:\/\/theonlyperfectbag.co\/wp-content\/uploads\/2025\/01\/b6a6dc972a2e5e75ae649f991d5a1f65.jpg","@id":"https:\/\/theonlyperfectbag.co\/de\/product\/bell-ross-br-03-92-d-bl-st-srb-black-dial\/#productImage","width":1080,"height":1080},"productGroupID":115965,"hasVariant":[{"@type":"Product","@id":"https:\/\/theonlyperfectbag.co\/de\/product\/bell-ross-br-03-92-d-bl-st-srb-black-dial\/#wooCommerceProduct","name":"Bell Ross BR 03 92-D-BL-ST\/SRB Black Dial - asian-movement","url":"https:\/\/theonlyperfectbag.co\/de\/product\/bell-ross-br-03-92-d-bl-st-srb-black-dial\/","sku":"17821515-17821515-14803860-70328170-0-0-0-0","image":{"@type":"ImageObject","url":"https:\/\/theonlyperfectbag.co\/wp-content\/uploads\/2025\/01\/b6a6dc972a2e5e75ae649f991d5a1f65.jpg","@id":"https:\/\/theonlyperfectbag.co\/de\/product\/bell-ross-br-03-92-d-bl-st-srb-black-dial\/#productImage","width":1080,"height":1080},"offers":{"@type":"Offer","url":"https:\/\/theonlyperfectbag.co\/de\/product\/bell-ross-br-03-92-d-bl-st-srb-black-dial\/#wooCommerceOffer","price":328,"priceCurrency":"USD","category":"Bell Ross","availability":"https:\/\/schema.org\/InStock","priceSpecification":{"@type":"PriceSpecification","price":328,"priceCurrency":"USD","valueAddedTaxIncluded":"true"}}},{"@type":"Product","@id":"https:\/\/theonlyperfectbag.co\/de\/product\/bell-ross-br-03-92-d-bl-st-srb-black-dial\/#wooCommerceProduct","name":"Bell Ross BR 03 92-D-BL-ST\/SRB Black Dial - swiss-movement","url":"https:\/\/theonlyperfectbag.co\/de\/product\/bell-ross-br-03-92-d-bl-st-srb-black-dial\/","sku":"17821515-17821515-14803860-70328171-0-0-0-0","image":{"@type":"ImageObject","url":"https:\/\/theonlyperfectbag.co\/wp-content\/uploads\/2025\/01\/b6a6dc972a2e5e75ae649f991d5a1f65.jpg","@id":"https:\/\/theonlyperfectbag.co\/de\/product\/bell-ross-br-03-92-d-bl-st-srb-black-dial\/#productImage","width":1080,"height":1080},"offers":{"@type":"Offer","url":"https:\/\/theonlyperfectbag.co\/de\/product\/bell-ross-br-03-92-d-bl-st-srb-black-dial\/#wooCommerceOffer","price":1499,"priceCurrency":"USD","category":"Bell Ross","availability":"https:\/\/schema.org\/InStock","priceSpecification":{"@type":"PriceSpecification","price":1499,"priceCurrency":"USD","valueAddedTaxIncluded":"true"}}}]},{"@type":"WebPage","@id":"https:\/\/theonlyperfectbag.co\/de\/product\/bell-ross-br-03-92-d-bl-st-srb-black-dial\/#webpage","url":"https:\/\/theonlyperfectbag.co\/de\/product\/bell-ross-br-03-92-d-bl-st-srb-black-dial\/","name":"Bell Ross BR 03 92-D-BL-ST\/SRB Black Dial - 1:1 replica designer bags Online Store","description":"Brand:Bell RossGender:MensMovement:AutomaticCrystal:Scratch Resistant SapphireCase Diameter:42 MMCase Color:SilverShape:SquareDial color:BlackDial Type:Indexes, LuminousBand color:BlackBand Material:Rubber StrapClasp:Pin BuckleWater_resistance:Asian:life waterproof, Swiss: 300 mAvailability:Item is in stockReturn Policy:If you are not satisfied with our product, please return your watch within 30 days for a full refund. Return Terms.","inLanguage":"de-DE","isPartOf":{"@id":"https:\/\/theonlyperfectbag.co\/de\/#website"},"breadcrumb":{"@id":"https:\/\/theonlyperfectbag.co\/de\/product\/bell-ross-br-03-92-d-bl-st-srb-black-dial\/#breadcrumblist"},"image":{"@type":"ImageObject","url":"https:\/\/theonlyperfectbag.co\/wp-content\/uploads\/2025\/01\/b6a6dc972a2e5e75ae649f991d5a1f65.jpg","@id":"https:\/\/theonlyperfectbag.co\/de\/product\/bell-ross-br-03-92-d-bl-st-srb-black-dial\/#mainImage","width":1080,"height":1080},"primaryImageOfPage":{"@id":"https:\/\/theonlyperfectbag.co\/de\/product\/bell-ross-br-03-92-d-bl-st-srb-black-dial\/#mainImage"},"datePublished":"2025-01-15T10:03:34+00:00","dateModified":"2025-01-17T14:19:10+00:00"},{"@type":"WebSite","@id":"https:\/\/theonlyperfectbag.co\/de\/#website","url":"https:\/\/theonlyperfectbag.co\/de\/","name":"1:1 replica designer bags Online Store","inLanguage":"de-DE","publisher":{"@id":"https:\/\/theonlyperfectbag.co\/de\/#person"}}]},"og:locale":"de_DE","og:site_name":"1:1 replica designer bags Online Store -","og:type":"article","og:title":"Bell Ross BR 03 92-D-BL-ST\/SRB Black Dial - 1:1 replica designer bags Online Store","og:description":"Brand:Bell RossGender:MensMovement:AutomaticCrystal:Scratch Resistant SapphireCase Diameter:42 MMCase Color:SilverShape:SquareDial color:BlackDial Type:Indexes, LuminousBand color:BlackBand Material:Rubber StrapClasp:Pin BuckleWater_resistance:Asian:life waterproof, Swiss: 300 mAvailability:Item is in stockReturn Policy:If you are not satisfied with our product, please return your watch within 30 days for a full refund. Return Terms.","og:url":"https:\/\/theonlyperfectbag.co\/de\/product\/bell-ross-br-03-92-d-bl-st-srb-black-dial\/","article:published_time":"2025-01-15T10:03:34+00:00","article:modified_time":"2025-01-17T14:19:10+00:00","twitter:card":"summary_large_image","twitter:title":"Bell Ross BR 03 92-D-BL-ST\/SRB Black Dial - 1:1 replica designer bags Online Store","twitter:description":"Brand:Bell RossGender:MensMovement:AutomaticCrystal:Scratch Resistant SapphireCase Diameter:42 MMCase Color:SilverShape:SquareDial color:BlackDial Type:Indexes, LuminousBand color:BlackBand Material:Rubber StrapClasp:Pin BuckleWater_resistance:Asian:life waterproof, Swiss: 300 mAvailability:Item is in stockReturn Policy:If you are not satisfied with our product, please return your watch within 30 days for a full refund. Return Terms."},"aioseo_meta_data":{"post_id":"115965","title":null,"description":null,"keywords":null,"keyphrases":null,"primary_term":null,"canonical_url":null,"og_title":null,"og_description":null,"og_object_type":"default","og_image_type":"default","og_image_url":null,"og_image_width":null,"og_image_height":null,"og_image_custom_url":null,"og_image_custom_fields":null,"og_video":null,"og_custom_url":null,"og_article_section":null,"og_article_tags":null,"twitter_use_og":false,"twitter_card":"default","twitter_image_type":"default","twitter_image_url":null,"twitter_image_custom_url":null,"twitter_image_custom_fields":null,"twitter_title":null,"twitter_description":null,"schema":{"blockGraphs":[],"customGraphs":[],"default":{"data":{"Article":[],"Course":[],"Dataset":[],"FAQPage":[],"Movie":[],"Person":[],"Product":[],"ProductReview":[],"Car":[],"Recipe":[],"Service":[],"SoftwareApplication":[],"WebPage":[]},"graphName":"","isEnabled":true},"graphs":[]},"schema_type":"default","schema_type_options":null,"pillar_content":false,"robots_default":true,"robots_noindex":false,"robots_noarchive":false,"robots_nosnippet":false,"robots_nofollow":false,"robots_noimageindex":false,"robots_noodp":false,"robots_notranslate":false,"robots_max_snippet":null,"robots_max_videopreview":null,"robots_max_imagepreview":"large","priority":null,"frequency":null,"local_seo":null,"breadcrumb_settings":null,"limit_modified_date":false,"open_ai":null,"ai":null,"created":"2025-01-16 07:09:51","updated":"2025-10-05 01:01:54"},"aioseo_breadcrumb":"<div class=\"aioseo-breadcrumbs\"><span class=\"aioseo-breadcrumb\">\n\t<a href=\"https:\/\/theonlyperfectbag.co\/de\" title=\"Home\">Home<\/a>\n<\/span><span class=\"aioseo-breadcrumb-separator\">\u00bb<\/span><span class=\"aioseo-breadcrumb\">\n\t<a href=\"https:\/\/theonlyperfectbag.co\/de\/shop\/\" title=\"Shop\">Shop<\/a>\n<\/span><span class=\"aioseo-breadcrumb-separator\">\u00bb<\/span><span class=\"aioseo-breadcrumb\">\n\t<a href=\"https:\/\/theonlyperfectbag.co\/de\/product-category\/watches\/\" title=\"Watches\">Watches<\/a>\n<\/span><span class=\"aioseo-breadcrumb-separator\">\u00bb<\/span><span class=\"aioseo-breadcrumb\">\n\t<a href=\"https:\/\/theonlyperfectbag.co\/de\/product-category\/watches\/bell-ross\/\" title=\"Bell Ross\">Bell Ross<\/a>\n<\/span><span class=\"aioseo-breadcrumb-separator\">\u00bb<\/span><span class=\"aioseo-breadcrumb\">\n\tBell Ross BR 03 92-D-BL-ST\/SRB Black Dial\n<\/span><\/div>","aioseo_breadcrumb_json":[{"label":"Home","link":"https:\/\/theonlyperfectbag.co\/de"},{"label":"Shop","link":"https:\/\/theonlyperfectbag.co\/de\/shop\/"},{"label":"Watches","link":"https:\/\/theonlyperfectbag.co\/de\/product-category\/watches\/"},{"label":"Bell Ross","link":"https:\/\/theonlyperfectbag.co\/de\/product-category\/watches\/bell-ross\/"},{"label":"Bell Ross BR 03 92-D-BL-ST\/SRB Black Dial","link":"https:\/\/theonlyperfectbag.co\/de\/product\/bell-ross-br-03-92-d-bl-st-srb-black-dial\/"}],"_links":{"self":[{"href":"https:\/\/theonlyperfectbag.co\/de\/wp-json\/wp\/v2\/product\/115965"}],"collection":[{"href":"https:\/\/theonlyperfectbag.co\/de\/wp-json\/wp\/v2\/product"}],"about":[{"href":"https:\/\/theonlyperfectbag.co\/de\/wp-json\/wp\/v2\/types\/product"}],"replies":[{"embeddable":true,"href":"https:\/\/theonlyperfectbag.co\/de\/wp-json\/wp\/v2\/comments?post=115965"}],"version-history":[{"count":1,"href":"https:\/\/theonlyperfectbag.co\/de\/wp-json\/wp\/v2\/product\/115965\/revisions"}],"predecessor-version":[{"id":116019,"href":"https:\/\/theonlyperfectbag.co\/de\/wp-json\/wp\/v2\/product\/115965\/revisions\/116019"}],"wp:featuredmedia":[{"embeddable":true,"href":"https:\/\/theonlyperfectbag.co\/de\/wp-json\/wp\/v2\/media\/116018"}],"wp:attachment":[{"href":"https:\/\/theonlyperfectbag.co\/de\/wp-json\/wp\/v2\/media?parent=115965"}],"wp:term":[{"taxonomy":"product_cat","embeddable":true,"href":"https:\/\/theonlyperfectbag.co\/de\/wp-json\/wp\/v2\/product_cat?post=115965"},{"taxonomy":"product_tag","embeddable":true,"href":"https:\/\/theonlyperfectbag.co\/de\/wp-json\/wp\/v2\/product_tag?post=115965"}],"curies":[{"name":"wp","href":"https:\/\/api.w.org\/{rel}","templated":true}]}}