{"id":48,"date":"2024-04-04T15:57:37","date_gmt":"2024-04-04T15:57:37","guid":{"rendered":"https:\/\/qiuyi2.me6.shop\/?page_id=48"},"modified":"2024-04-04T15:58:22","modified_gmt":"2024-04-04T15:58:22","slug":"payment-methods","status":"publish","type":"page","link":"https:\/\/theonlyperfectbag.co\/de\/payment-methods\/","title":{"rendered":"Zahlungsarten"},"content":{"rendered":"<div data-elementor-type=\"wp-page\" data-elementor-id=\"48\" class=\"elementor elementor-48\" data-elementor-post-type=\"page\">\n\t\t\t\t\t\t<section class=\"wd-negative-gap elementor-section elementor-top-section elementor-element elementor-element-ffc3372 wd-section-stretch elementor-section-boxed elementor-section-height-default elementor-section-height-default\" data-id=\"ffc3372\" data-element_type=\"section\">\n\t\t\t\t\t\t<div class=\"elementor-container elementor-column-gap-default\">\n\t\t\t\t\t<div class=\"elementor-column elementor-col-100 elementor-top-column elementor-element elementor-element-37abe37b\" data-id=\"37abe37b\" data-element_type=\"column\">\n\t\t\t<div class=\"elementor-widget-wrap elementor-element-populated\">\n\t\t\t\t\t\t<div class=\"elementor-element elementor-element-322129b6 elementor-widget elementor-widget-heading\" data-id=\"322129b6\" data-element_type=\"widget\" data-widget_type=\"heading.default\">\n\t\t\t\t<div class=\"elementor-widget-container\">\n\t\t\t<style>\/*! elementor - v3.21.0 - 24-04-2024 *\/\n.elementor-heading-title{padding:0;margin:0;line-height:1}.elementor-widget-heading .elementor-heading-title[class*=elementor-size-]>a{color:inherit;font-size:inherit;line-height:inherit}.elementor-widget-heading .elementor-heading-title.elementor-size-small{font-size:15px}.elementor-widget-heading .elementor-heading-title.elementor-size-medium{font-size:19px}.elementor-widget-heading .elementor-heading-title.elementor-size-large{font-size:29px}.elementor-widget-heading .elementor-heading-title.elementor-size-xl{font-size:39px}.elementor-widget-heading .elementor-heading-title.elementor-size-xxl{font-size:59px}<\/style><h2 class=\"elementor-heading-title elementor-size-default\">Zahlungsarten<\/h2>\t\t<\/div>\n\t\t\t\t<\/div>\n\t\t\t\t<div class=\"elementor-element elementor-element-73a053ee text-center wd-single-breadcrumbs wd-breadcrumbs elementor-widget elementor-widget-wd_wc_breadcrumb\" data-id=\"73a053ee\" data-element_type=\"widget\" data-widget_type=\"wd_wc_breadcrumb.default\">\n\t\t\t\t<div class=\"elementor-widget-container\">\n\t\t\t<nav class=\"woocommerce-breadcrumb\" aria-label=\"Brotkr\u00fcmel\">\t\t\t\t<span class=\"breadcrumb-last\">\n\t\t\t\t\tStartseite\t\t\t\t<\/span>\n\t\t\t<\/nav>\t\t<\/div>\n\t\t\t\t<\/div>\n\t\t\t\t\t<\/div>\n\t\t<\/div>\n\t\t\t\t\t<\/div>\n\t\t<\/section>\n\t\t\t\t<section class=\"elementor-section elementor-top-section elementor-element elementor-element-6fa705b elementor-section-boxed elementor-section-height-default elementor-section-height-default\" data-id=\"6fa705b\" data-element_type=\"section\">\n\t\t\t\t\t\t<div class=\"elementor-container elementor-column-gap-default\">\n\t\t\t\t\t<div class=\"elementor-column elementor-col-100 elementor-top-column elementor-element elementor-element-14594394\" data-id=\"14594394\" data-element_type=\"column\">\n\t\t\t<div class=\"elementor-widget-wrap elementor-element-populated\">\n\t\t\t\t\t\t<div class=\"elementor-element elementor-element-40905ed color-scheme-inherit text-left elementor-widget elementor-widget-text-editor\" data-id=\"40905ed\" data-element_type=\"widget\" data-widget_type=\"text-editor.default\">\n\t\t\t\t<div class=\"elementor-widget-container\">\n\t\t\t<style>\/*! elementor - v3.21.0 - 24-04-2024 *\/\n.elementor-widget-text-editor.elementor-drop-cap-view-stacked .elementor-drop-cap{background-color:#69727d;color:#fff}.elementor-widget-text-editor.elementor-drop-cap-view-framed .elementor-drop-cap{color:#69727d;border:3px solid;background-color:transparent}.elementor-widget-text-editor:not(.elementor-drop-cap-view-default) .elementor-drop-cap{margin-top:8px}.elementor-widget-text-editor:not(.elementor-drop-cap-view-default) .elementor-drop-cap-letter{width:1em;height:1em}.elementor-widget-text-editor .elementor-drop-cap{float:left;text-align:center;line-height:1;font-size:50px}.elementor-widget-text-editor .elementor-drop-cap-letter{display:inline-block}<\/style>\t\t\t\t<h4><strong>Kreditkarte<\/strong><\/h4><p>Wir sind jetzt in der Lage, Zahlungen per Kreditkarte zu akzeptieren.\u00a0\u00a0<\/p><p>Sie k\u00f6nnen mit einer Kredit- oder Debitkarte aus den VISA-, Mastercard- und AMEX-Kreisen bezahlen.<\/p><p><strong>Bitcoin<\/strong><\/p><p>Sie k\u00f6nnen mit Bitcoin oder anderen Kryptow\u00e4hrungen bezahlen, indem Sie w\u00e4hrend des Bestellvorgangs die Option \"Bitcoin\" w\u00e4hlen.<\/p><p>Wenn Sie ein Coinbase-Konto haben, k\u00f6nnen Sie die Zahlung direkt auf unserer Website vornehmen.<\/p><p>Wenn Sie Schwierigkeiten haben, k\u00f6nnen Sie die Zahlung immer noch selbst an unsere Brieftasche senden.<\/p><h4><strong>Bank\u00fcberweisung<\/strong><\/h4><p>Sie k\u00f6nnen per Bank\u00fcberweisung in USD, EUR oder GBP bezahlen.\u00a0<\/p><p>Je nach der von Ihnen gew\u00e4hlten W\u00e4hrung erhalten Sie Angaben zu dem Bankkonto, auf das Sie die \u00dcberweisung \u00fcberweisen m\u00fcssen.\u00a0<\/p><p>Wir sind nicht immer in der Lage, Zahlungen per Kreditkarte zu akzeptieren.<\/p><p>Sie k\u00f6nnen an der Kasse \u00fcberpr\u00fcfen, ob diese Zahlungsmethode verf\u00fcgbar ist.<\/p><h4><strong>PayPal<\/strong><\/h4><p>Wir sind jetzt in der Lage, Paypal-Zahlungen zu akzeptieren.<\/p><p>Sie k\u00f6nnen an der Kasse die Option Paypal w\u00e4hlen.<\/p>\t\t\t\t\t\t<\/div>\n\t\t\t\t<\/div>\n\t\t\t\t\t<\/div>\n\t\t<\/div>\n\t\t\t\t\t<\/div>\n\t\t<\/section>\n\t\t\t\t<\/div>","protected":false},"excerpt":{"rendered":"<p>\u9996\u9875 Credit Card We are now able to accept credit card payments.\u00a0\u00a0 You can pay by credit or debit card<\/p>","protected":false},"author":1,"featured_media":0,"parent":0,"menu_order":0,"comment_status":"closed","ping_status":"closed","template":"elementor_header_footer","meta":{"om_disable_all_campaigns":false,"footnotes":""},"aioseo_notices":[],"aioseo_head":"\n\t\t<!-- All in One SEO Pro 4.8.5 - aioseo.com -->\n\t<meta name=\"description\" content=\"Payment Methods Startseite Payment Methods Credit CardWe are now able to accept credit card payments. You can pay by credit or debit card from the VISA, Mastercard and AMEX circuits.BitcoinYou can pay in Bitcoin or other cryptocurrencies by choosing the \u201cBitcoin\u201d option during checkout.If you have a Coinbase account you can make the payment directly\" \/>\n\t<meta name=\"robots\" content=\"max-image-preview:large\" \/>\n\t<meta name=\"google-site-verification\" content=\"vmyk1SY9gJOD3bPogQUeTA2GxTGPVc540tyzkbV7rgM\" \/>\n\t<link rel=\"canonical\" href=\"https:\/\/theonlyperfectbag.co\/de\/payment-methods\/\" \/>\n\t<meta name=\"generator\" content=\"All in One SEO Pro (AIOSEO) 4.8.5\" \/>\n\t\t<meta property=\"og:locale\" content=\"de_DE\" \/>\n\t\t<meta property=\"og:site_name\" content=\"1:1 replica designer bags Online Store -\" \/>\n\t\t<meta property=\"og:type\" content=\"article\" \/>\n\t\t<meta property=\"og:title\" content=\"Payment Methods - 1:1 replica designer bags Online Store\" \/>\n\t\t<meta property=\"og:description\" content=\"Payment Methods Startseite Payment Methods Credit CardWe are now able to accept credit card payments. You can pay by credit or debit card from the VISA, Mastercard and AMEX circuits.BitcoinYou can pay in Bitcoin or other cryptocurrencies by choosing the \u201cBitcoin\u201d option during checkout.If you have a Coinbase account you can make the payment directly\" \/>\n\t\t<meta property=\"og:url\" content=\"https:\/\/theonlyperfectbag.co\/de\/payment-methods\/\" \/>\n\t\t<meta property=\"article:published_time\" content=\"2024-04-04T15:57:37+00:00\" \/>\n\t\t<meta property=\"article:modified_time\" content=\"2024-04-04T15:58:22+00:00\" \/>\n\t\t<meta name=\"twitter:card\" content=\"summary_large_image\" \/>\n\t\t<meta name=\"twitter:title\" content=\"Payment Methods - 1:1 replica designer bags Online Store\" \/>\n\t\t<meta name=\"twitter:description\" content=\"Payment Methods Startseite Payment Methods Credit CardWe are now able to accept credit card payments. You can pay by credit or debit card from the VISA, Mastercard and AMEX circuits.BitcoinYou can pay in Bitcoin or other cryptocurrencies by choosing the \u201cBitcoin\u201d option during checkout.If you have a Coinbase account you can make the payment directly\" \/>\n\t\t<script type=\"application\/ld+json\" class=\"aioseo-schema\">\n\t\t\t{\"@context\":\"https:\\\/\\\/schema.org\",\"@graph\":[{\"@type\":\"BreadcrumbList\",\"@id\":\"https:\\\/\\\/theonlyperfectbag.co\\\/de\\\/payment-methods\\\/#breadcrumblist\",\"itemListElement\":[{\"@type\":\"ListItem\",\"@id\":\"https:\\\/\\\/theonlyperfectbag.co\\\/de#listItem\",\"position\":1,\"name\":\"Home\",\"item\":\"https:\\\/\\\/theonlyperfectbag.co\\\/de\",\"nextItem\":{\"@type\":\"ListItem\",\"@id\":\"https:\\\/\\\/theonlyperfectbag.co\\\/de\\\/payment-methods\\\/#listItem\",\"name\":\"Payment Methods\"}},{\"@type\":\"ListItem\",\"@id\":\"https:\\\/\\\/theonlyperfectbag.co\\\/de\\\/payment-methods\\\/#listItem\",\"position\":2,\"name\":\"Payment Methods\",\"previousItem\":{\"@type\":\"ListItem\",\"@id\":\"https:\\\/\\\/theonlyperfectbag.co\\\/de#listItem\",\"name\":\"Home\"}}]},{\"@type\":\"Person\",\"@id\":\"https:\\\/\\\/theonlyperfectbag.co\\\/de\\\/#person\",\"name\":\"admin\",\"image\":{\"@type\":\"ImageObject\",\"@id\":\"https:\\\/\\\/theonlyperfectbag.co\\\/de\\\/payment-methods\\\/#personImage\",\"url\":\"https:\\\/\\\/secure.gravatar.com\\\/avatar\\\/93cf335968a873604d0caadf3b79e71a?s=96&d=mm&r=g\",\"width\":96,\"height\":96,\"caption\":\"admin\"}},{\"@type\":\"WebPage\",\"@id\":\"https:\\\/\\\/theonlyperfectbag.co\\\/de\\\/payment-methods\\\/#webpage\",\"url\":\"https:\\\/\\\/theonlyperfectbag.co\\\/de\\\/payment-methods\\\/\",\"name\":\"Payment Methods - 1:1 replica designer bags Online Store\",\"description\":\"Payment Methods Startseite Payment Methods Credit CardWe are now able to accept credit card payments. You can pay by credit or debit card from the VISA, Mastercard and AMEX circuits.BitcoinYou can pay in Bitcoin or other cryptocurrencies by choosing the \\u201cBitcoin\\u201d option during checkout.If you have a Coinbase account you can make the payment directly\",\"inLanguage\":\"de-DE\",\"isPartOf\":{\"@id\":\"https:\\\/\\\/theonlyperfectbag.co\\\/de\\\/#website\"},\"breadcrumb\":{\"@id\":\"https:\\\/\\\/theonlyperfectbag.co\\\/de\\\/payment-methods\\\/#breadcrumblist\"},\"datePublished\":\"2024-04-04T15:57:37+00:00\",\"dateModified\":\"2024-04-04T15:58:22+00:00\"},{\"@type\":\"WebSite\",\"@id\":\"https:\\\/\\\/theonlyperfectbag.co\\\/de\\\/#website\",\"url\":\"https:\\\/\\\/theonlyperfectbag.co\\\/de\\\/\",\"name\":\"1:1 replica designer bags Online Store\",\"inLanguage\":\"de-DE\",\"publisher\":{\"@id\":\"https:\\\/\\\/theonlyperfectbag.co\\\/de\\\/#person\"}}]}\n\t\t<\/script>\n\t\t<!-- All in One SEO Pro -->\r\n\t\t<title>Payment Methods - 1:1 replica designer bags Online Store<\/title>\n\n","aioseo_head_json":{"title":"Payment Methods - 1:1 replica designer bags Online Store","description":"Payment Methods Startseite Payment Methods Credit CardWe are now able to accept credit card payments. You can pay by credit or debit card from the VISA, Mastercard and AMEX circuits.BitcoinYou can pay in Bitcoin or other cryptocurrencies by choosing the \u201cBitcoin\u201d option during checkout.If you have a Coinbase account you can make the payment directly","canonical_url":"https:\/\/theonlyperfectbag.co\/de\/payment-methods\/","robots":"max-image-preview:large","keywords":"","webmasterTools":{"google-site-verification":"vmyk1SY9gJOD3bPogQUeTA2GxTGPVc540tyzkbV7rgM","miscellaneous":""},"schema":{"@context":"https:\/\/schema.org","@graph":[{"@type":"BreadcrumbList","@id":"https:\/\/theonlyperfectbag.co\/de\/payment-methods\/#breadcrumblist","itemListElement":[{"@type":"ListItem","@id":"https:\/\/theonlyperfectbag.co\/de#listItem","position":1,"name":"Home","item":"https:\/\/theonlyperfectbag.co\/de","nextItem":{"@type":"ListItem","@id":"https:\/\/theonlyperfectbag.co\/de\/payment-methods\/#listItem","name":"Payment Methods"}},{"@type":"ListItem","@id":"https:\/\/theonlyperfectbag.co\/de\/payment-methods\/#listItem","position":2,"name":"Payment Methods","previousItem":{"@type":"ListItem","@id":"https:\/\/theonlyperfectbag.co\/de#listItem","name":"Home"}}]},{"@type":"Person","@id":"https:\/\/theonlyperfectbag.co\/de\/#person","name":"admin","image":{"@type":"ImageObject","@id":"https:\/\/theonlyperfectbag.co\/de\/payment-methods\/#personImage","url":"https:\/\/secure.gravatar.com\/avatar\/93cf335968a873604d0caadf3b79e71a?s=96&d=mm&r=g","width":96,"height":96,"caption":"admin"}},{"@type":"WebPage","@id":"https:\/\/theonlyperfectbag.co\/de\/payment-methods\/#webpage","url":"https:\/\/theonlyperfectbag.co\/de\/payment-methods\/","name":"Payment Methods - 1:1 replica designer bags Online Store","description":"Payment Methods Startseite Payment Methods Credit CardWe are now able to accept credit card payments. You can pay by credit or debit card from the VISA, Mastercard and AMEX circuits.BitcoinYou can pay in Bitcoin or other cryptocurrencies by choosing the \u201cBitcoin\u201d option during checkout.If you have a Coinbase account you can make the payment directly","inLanguage":"de-DE","isPartOf":{"@id":"https:\/\/theonlyperfectbag.co\/de\/#website"},"breadcrumb":{"@id":"https:\/\/theonlyperfectbag.co\/de\/payment-methods\/#breadcrumblist"},"datePublished":"2024-04-04T15:57:37+00:00","dateModified":"2024-04-04T15:58:22+00:00"},{"@type":"WebSite","@id":"https:\/\/theonlyperfectbag.co\/de\/#website","url":"https:\/\/theonlyperfectbag.co\/de\/","name":"1:1 replica designer bags Online Store","inLanguage":"de-DE","publisher":{"@id":"https:\/\/theonlyperfectbag.co\/de\/#person"}}]},"og:locale":"de_DE","og:site_name":"1:1 replica designer bags Online Store -","og:type":"article","og:title":"Payment Methods - 1:1 replica designer bags Online Store","og:description":"Payment Methods Startseite Payment Methods Credit CardWe are now able to accept credit card payments. You can pay by credit or debit card from the VISA, Mastercard and AMEX circuits.BitcoinYou can pay in Bitcoin or other cryptocurrencies by choosing the \u201cBitcoin\u201d option during checkout.If you have a Coinbase account you can make the payment directly","og:url":"https:\/\/theonlyperfectbag.co\/de\/payment-methods\/","article:published_time":"2024-04-04T15:57:37+00:00","article:modified_time":"2024-04-04T15:58:22+00:00","twitter:card":"summary_large_image","twitter:title":"Payment Methods - 1:1 replica designer bags Online Store","twitter:description":"Payment Methods Startseite Payment Methods Credit CardWe are now able to accept credit card payments. You can pay by credit or debit card from the VISA, Mastercard and AMEX circuits.BitcoinYou can pay in Bitcoin or other cryptocurrencies by choosing the \u201cBitcoin\u201d option during checkout.If you have a Coinbase account you can make the payment directly"},"aioseo_meta_data":{"post_id":"48","title":null,"description":null,"keywords":null,"keyphrases":null,"primary_term":null,"canonical_url":null,"og_title":null,"og_description":null,"og_object_type":"default","og_image_type":"default","og_image_url":null,"og_image_width":null,"og_image_height":null,"og_image_custom_url":null,"og_image_custom_fields":null,"og_video":null,"og_custom_url":null,"og_article_section":null,"og_article_tags":null,"twitter_use_og":false,"twitter_card":"default","twitter_image_type":"default","twitter_image_url":null,"twitter_image_custom_url":null,"twitter_image_custom_fields":null,"twitter_title":null,"twitter_description":null,"schema":{"blockGraphs":[],"customGraphs":[],"default":{"data":{"Article":[],"Course":[],"Dataset":[],"FAQPage":[],"Movie":[],"Person":[],"Product":[],"ProductReview":[],"Car":[],"Recipe":[],"Service":[],"SoftwareApplication":[],"WebPage":[]},"graphName":"Product","isEnabled":true},"graphs":[]},"schema_type":"default","schema_type_options":null,"pillar_content":false,"robots_default":true,"robots_noindex":false,"robots_noarchive":false,"robots_nosnippet":false,"robots_nofollow":false,"robots_noimageindex":false,"robots_noodp":false,"robots_notranslate":false,"robots_max_snippet":null,"robots_max_videopreview":null,"robots_max_imagepreview":"large","priority":null,"frequency":null,"local_seo":null,"breadcrumb_settings":null,"limit_modified_date":false,"open_ai":null,"ai":null,"created":"2024-09-02 09:30:00","updated":"2026-04-27 17:17:38"},"aioseo_breadcrumb":"<div class=\"aioseo-breadcrumbs\"><span class=\"aioseo-breadcrumb\">\n\t<a href=\"https:\/\/theonlyperfectbag.co\/de\" title=\"Home\">Home<\/a>\n<\/span><span class=\"aioseo-breadcrumb-separator\">\u00bb<\/span><span class=\"aioseo-breadcrumb\">\n\tPayment Methods\n<\/span><\/div>","aioseo_breadcrumb_json":[{"label":"Home","link":"https:\/\/theonlyperfectbag.co\/de"},{"label":"Payment Methods","link":"https:\/\/theonlyperfectbag.co\/de\/payment-methods\/"}],"_links":{"self":[{"href":"https:\/\/theonlyperfectbag.co\/de\/wp-json\/wp\/v2\/pages\/48"}],"collection":[{"href":"https:\/\/theonlyperfectbag.co\/de\/wp-json\/wp\/v2\/pages"}],"about":[{"href":"https:\/\/theonlyperfectbag.co\/de\/wp-json\/wp\/v2\/types\/page"}],"author":[{"embeddable":true,"href":"https:\/\/theonlyperfectbag.co\/de\/wp-json\/wp\/v2\/users\/1"}],"replies":[{"embeddable":true,"href":"https:\/\/theonlyperfectbag.co\/de\/wp-json\/wp\/v2\/comments?post=48"}],"version-history":[{"count":4,"href":"https:\/\/theonlyperfectbag.co\/de\/wp-json\/wp\/v2\/pages\/48\/revisions"}],"predecessor-version":[{"id":55,"href":"https:\/\/theonlyperfectbag.co\/de\/wp-json\/wp\/v2\/pages\/48\/revisions\/55"}],"wp:attachment":[{"href":"https:\/\/theonlyperfectbag.co\/de\/wp-json\/wp\/v2\/media?parent=48"}],"curies":[{"name":"wp","href":"https:\/\/api.w.org\/{rel}","templated":true}]}}